{"id":106,"date":"2015-11-23T10:22:37","date_gmt":"2015-11-23T10:22:37","guid":{"rendered":"https:\/\/praxis-milland.com\/?page_id=106"},"modified":"2025-01-22T14:21:44","modified_gmt":"2025-01-22T14:21:44","slug":"home","status":"publish","type":"page","link":"https:\/\/praxis-milland.com\/","title":{"rendered":"Home"},"content":{"rendered":"<p>[et_pb_section fb_built=&#8220;1&#8243; _builder_version=&#8220;4.23.1&#8243; _module_preset=&#8220;default&#8220; custom_margin=&#8220;||||false|false&#8220; custom_margin_tablet=&#8220;-150px||||false|false&#8220; custom_margin_phone=&#8220;-150px||||false|false&#8220; custom_margin_last_edited=&#8220;on|desktop&#8220; custom_padding=&#8220;0px|1px|0px||false|false&#8220; global_colors_info=&#8220;{}&#8220;][et_pb_row _builder_version=&#8220;4.23.1&#8243; _module_preset=&#8220;default&#8220; custom_margin=&#8220;100px||||false|false&#8220; global_colors_info=&#8220;{}&#8220;][et_pb_column type=&#8220;4_4&#8243; _builder_version=&#8220;4.23.1&#8243; _module_preset=&#8220;default&#8220; global_colors_info=&#8220;{}&#8220;][et_pb_image src=&#8220;https:\/\/praxis-milland.com\/wp-content\/uploads\/2023\/11\/Logo-Bereiche-1.png&#8220; title_text=&#8220;Logo-Bereiche&#8220; align=&#8220;center&#8220; _builder_version=&#8220;4.23.1&#8243; _module_preset=&#8220;default&#8220; max_height=&#8220;250px&#8220; custom_margin_tablet=&#8220;100px||||false|false&#8220; custom_margin_phone=&#8220;100px||||false|false&#8220; custom_margin_last_edited=&#8220;on|desktop&#8220; global_colors_info=&#8220;{}&#8220;][\/et_pb_image][\/et_pb_column][\/et_pb_row][et_pb_row _builder_version=&#8220;4.23.1&#8243; _module_preset=&#8220;default&#8220; background_image=&#8220;https:\/\/praxis-milland.com\/wp-content\/uploads\/2023\/11\/231128_Welle_alpha360.gif&#8220; background_enable_video_mp4=&#8220;off&#8220; background_video_pause_outside_viewport=&#8220;off&#8220; width=&#8220;100%&#8220; max_width=&#8220;2600px&#8220; min_height_last_edited=&#8220;off|desktop&#8220; height=&#8220;350px&#8220; height_tablet=&#8220;300px&#8220; height_phone=&#8220;250px&#8220; height_last_edited=&#8220;on|phone&#8220; custom_margin=&#8220;100px|auto||auto|false|false&#8220; custom_padding=&#8220;||||false|false&#8220; global_colors_info=&#8220;{}&#8220;][et_pb_column type=&#8220;4_4&#8243; _builder_version=&#8220;4.23.1&#8243; _module_preset=&#8220;default&#8220; global_colors_info=&#8220;{}&#8220;][\/et_pb_column][\/et_pb_row][et_pb_row column_structure=&#8220;1_2,1_2&#8243; _builder_version=&#8220;4.23.1&#8243; _module_preset=&#8220;default&#8220; max_width=&#8220;1300px&#8220; custom_margin=&#8220;100px||||false|false&#8220; global_colors_info=&#8220;{}&#8220;][et_pb_column type=&#8220;1_2&#8243; _builder_version=&#8220;4.23.1&#8243; _module_preset=&#8220;default&#8220; global_colors_info=&#8220;{}&#8220;][et_pb_text content_tablet=&#8220;<\/p>\n<h4 style=%22text-align: left;%22><span style=%22color: #f4c7b2;%22><em><strong>Investiere mit uns<br \/>in deine Gesundheit,<br \/>weil es schlicht nichts Wichtigeres gibt.<\/strong><\/em><\/span><\/h4>\n<p>&#8220; content_phone=&#8220;<\/p>\n<h1 style=%22text-align: left;%22><span style=%22color: #f4c7b2;%22><em><strong>Investiere mit uns<br \/>\nin deine Gesundheit,<br \/>\nweil es schlicht nichts Wichtigeres gibt.<\/strong><\/em><\/span><\/h1>\n<p>&#8220; content_last_edited=&#8220;on|desktop&#8220; _builder_version=&#8220;4.27.3&#8243; _module_preset=&#8220;default&#8220; custom_margin=&#8220;40px|||100px|false|false&#8220; custom_margin_tablet=&#8220;0px|||0px|false|false&#8220; custom_margin_phone=&#8220;0px||||false|false&#8220; custom_margin_last_edited=&#8220;on|tablet&#8220; custom_padding=&#8220;||||false|false&#8220; global_colors_info=&#8220;{}&#8220;]<\/p>\n<h3 style=\"text-align: left;\"><span style=\"color: #f4a187;\"><em><strong>Investiere mit uns<br \/>in deine Gesundheit,<br \/>weil es schlicht nichts Wichtigeres gibt.<\/strong><\/em><\/span><\/h3>\n<p>[\/et_pb_text][\/et_pb_column][et_pb_column type=&#8220;1_2&#8243; _builder_version=&#8220;4.23.1&#8243; _module_preset=&#8220;default&#8220; global_colors_info=&#8220;{}&#8220;][et_pb_text _builder_version=&#8220;4.23.1&#8243; _dynamic_attributes=&#8220;link_option_url&#8220; _module_preset=&#8220;default&#8220; custom_margin=&#8220;|||-35px|false|false&#8220; custom_margin_tablet=&#8220;||-50px|0px|false|false&#8220; custom_margin_phone=&#8220;||-50px||false|false&#8220; custom_margin_last_edited=&#8220;on|desktop&#8220; link_option_url=&#8220;@ET-DC@eyJkeW5hbWljIjp0cnVlLCJjb250ZW50IjoicG9zdF9saW5rX3VybF9wYWdlIiwic2V0dGluZ3MiOnsicG9zdF9pZCI6Ijk5In19@&#8220; global_colors_info=&#8220;{}&#8220;]<\/p>\n<blockquote>\n<p><span style=\"font-weight: 400;\">Wir widmen dir mit Freude unsere Zeit und unsere vielf\u00e4ltige Expertise, um deine individuellen gesundheitlichen Ziele zu erreichen. Dabei geht es uns nicht nur darum, deine Symptome zu kurieren, sondern auch deren Ursache zu ergr\u00fcnden und diese zu behandeln. Unser f\u00e4higes und engagiertes Team hilft dir dabei, vorhandene Beschwerden zu behandeln und zuk\u00fcnftigen vorzubeugen.<\/span><\/p>\n<\/blockquote>\n<p>[\/et_pb_text][\/et_pb_column][\/et_pb_row][et_pb_row _builder_version=&#8220;4.23.1&#8243; _module_preset=&#8220;default&#8220; max_width=&#8220;1920px&#8220; custom_margin=&#8220;50px||100px||false|false&#8220; custom_margin_tablet=&#8220;50px||0px||false|false&#8220; custom_margin_phone=&#8220;25px||0px||false|false&#8220; custom_margin_last_edited=&#8220;on|phone&#8220; global_colors_info=&#8220;{}&#8220;][et_pb_column type=&#8220;4_4&#8243; _builder_version=&#8220;4.23.1&#8243; _module_preset=&#8220;default&#8220; global_colors_info=&#8220;{}&#8220;][et_pb_divider _builder_version=&#8220;4.23.1&#8243; _module_preset=&#8220;default&#8220; global_colors_info=&#8220;{}&#8220;][\/et_pb_divider][\/et_pb_column][\/et_pb_row][et_pb_row column_structure=&#8220;1_3,1_3,1_3&#8243; _builder_version=&#8220;4.23.1&#8243; _module_preset=&#8220;default&#8220; max_width=&#8220;1920px&#8220; global_colors_info=&#8220;{}&#8220;][et_pb_column type=&#8220;1_3&#8243; _builder_version=&#8220;4.23.1&#8243; _module_preset=&#8220;default&#8220; global_colors_info=&#8220;{}&#8220;][et_pb_text _builder_version=&#8220;4.23.1&#8243; _dynamic_attributes=&#8220;link_option_url&#8220; _module_preset=&#8220;default&#8220; link_option_url=&#8220;@ET-DC@eyJkeW5hbWljIjp0cnVlLCJjb250ZW50IjoicG9zdF9saW5rX3VybF9wYWdlIiwic2V0dGluZ3MiOnsicG9zdF9pZCI6IjE2NSJ9fQ==@&#8220; global_colors_info=&#8220;{}&#8220;]<\/p>\n<h1><strong>Physio<\/strong><\/h1>\n<p>[\/et_pb_text][et_pb_text _builder_version=&#8220;4.27.3&#8243; _module_preset=&#8220;default&#8220; hover_enabled=&#8220;0&#8243; global_colors_info=&#8220;{}&#8220; sticky_enabled=&#8220;0&#8243; custom_margin_last_edited=&#8220;on|desktop&#8220; custom_margin=&#8220;55px||||false|false&#8220; custom_margin_tablet=&#8220;0px||||false|false&#8220; custom_margin_phone=&#8220;0px||||false|false&#8220;]<\/p>\n<p>Unser Physiotherapie-Bereich bietet vielf\u00e4ltige Behandlungen zur Verbesserung Ihrer Beweglichkeit und Schmerzlinderung. Mit einem Team erfahrener Physiotherapeuten nutzen wir Spezialisierungen wie Cranio Sacrale Therapie, Manuelle Therapie und Osteopathie, um individuell auf Ihre Bed\u00fcrfnisse einzugehen.<br \/><span style=\"font-weight: 400;\"><\/span><\/p>\n<p><br style=\"font-weight: 400;\" \/><br style=\"font-weight: 400;\" \/><\/p>\n<p>[\/et_pb_text][\/et_pb_column][et_pb_column type=&#8220;1_3&#8243; _builder_version=&#8220;4.23.1&#8243; _module_preset=&#8220;default&#8220; global_colors_info=&#8220;{}&#8220;][et_pb_text _builder_version=&#8220;4.23.1&#8243; _dynamic_attributes=&#8220;link_option_url&#8220; _module_preset=&#8220;default&#8220; custom_margin_tablet=&#8220;50px||||false|false&#8220; custom_margin_phone=&#8220;50px||||false|false&#8220; custom_margin_last_edited=&#8220;on|desktop&#8220; link_option_url=&#8220;@ET-DC@eyJkeW5hbWljIjp0cnVlLCJjb250ZW50IjoicG9zdF9saW5rX3VybF9wYWdlIiwic2V0dGluZ3MiOnsicG9zdF9pZCI6IjE4MSJ9fQ==@&#8220; global_colors_info=&#8220;{}&#8220;]<\/p>\n<h1><b>Gyn\u00e4kologie und Geburtshilfe<\/b><\/h1>\n<p>[\/et_pb_text][et_pb_text _builder_version=&#8220;4.23.1&#8243; _module_preset=&#8220;default&#8220; custom_margin_tablet=&#8220;||100px||false|false&#8220; custom_margin_phone=&#8220;||100px||false|false&#8220; custom_margin_last_edited=&#8220;on|desktop&#8220; global_colors_info=&#8220;{}&#8220;]<\/p>\n<p><span style=\"font-weight: 400;\">Unser Bereich der Gyn\u00e4kologie und Geburtshilfe steht f\u00fcr eine umfassende, empathische Betreuung von Frauen in allen Lebensphasen. <br \/>Dr. in med. univ. Verena Thalmann und Dr. in med. univ. Valentina Neuner bieten das gesamte Spektrum an Beratung und Behandlungen im ambulanten Bereich der Frauengesundheit &#8211; in einer Atmosph\u00e4re des Vertrauens und Wohlbefindens.<\/span><\/p>\n<p>[\/et_pb_text][\/et_pb_column][et_pb_column type=&#8220;1_3&#8243; _builder_version=&#8220;4.23.1&#8243; _module_preset=&#8220;default&#8220; global_colors_info=&#8220;{}&#8220;][et_pb_text _builder_version=&#8220;4.23.1&#8243; _dynamic_attributes=&#8220;link_option_url&#8220; _module_preset=&#8220;default&#8220; custom_margin=&#8220;||||false|false&#8220; link_option_url=&#8220;@ET-DC@eyJkeW5hbWljIjp0cnVlLCJjb250ZW50IjoicG9zdF9saW5rX3VybF9wYWdlIiwic2V0dGluZ3MiOnsicG9zdF9pZCI6IjE3NCJ9fQ==@&#8220; global_colors_info=&#8220;{}&#8220;]<\/p>\n<h1><strong>Health<\/strong><\/h1>\n<p>[\/et_pb_text][et_pb_text _builder_version=&#8220;4.27.3&#8243; _module_preset=&#8220;default&#8220; hover_enabled=&#8220;0&#8243; global_colors_info=&#8220;{}&#8220; custom_margin_last_edited=&#8220;on|desktop&#8220; custom_margin=&#8220;55px||||false|false&#8220; sticky_enabled=&#8220;0&#8243; custom_margin_tablet=&#8220;0px||||false|false&#8220; custom_margin_phone=&#8220;0px||||false|false&#8220;]<\/p>\n<p>Im Bereich Gesundheit kombinieren wir Schulmedizin und Komplement\u00e4rmedizin f\u00fcr eine ganzheitliche Patientenbetreuung. Die Experten Dr. in Elisabeth Fulterer (Kinder- und Jugendheilkunde und Akupunktur) sowie Matthias Unterkircher (Ern\u00e4hrungsberatung) bieten ma\u00dfgeschneiderte Therapien, um Ihre Gesundheit ganzheitlich und individuell zu unterst\u00fctzen.<br \/><span style=\"font-weight: 400;\"><\/span><\/p>\n<p>[\/et_pb_text][\/et_pb_column][\/et_pb_row][et_pb_row _builder_version=&#8220;4.23.1&#8243; _module_preset=&#8220;default&#8220; custom_margin=&#8220;||100px||false|false&#8220; global_colors_info=&#8220;{}&#8220;][et_pb_column type=&#8220;4_4&#8243; _builder_version=&#8220;4.23.1&#8243; _module_preset=&#8220;default&#8220; global_colors_info=&#8220;{}&#8220;][et_pb_button button_url=&#8220;@ET-DC@eyJkeW5hbWljIjp0cnVlLCJjb250ZW50IjoicG9zdF9saW5rX3VybF9wYWdlIiwic2V0dGluZ3MiOnsicG9zdF9pZCI6IjcwIn19@&#8220; button_text=&#8220;Weitere Informationen \u00fcber die Bereiche&#8220; button_alignment=&#8220;center&#8220; _builder_version=&#8220;4.23.1&#8243; _dynamic_attributes=&#8220;button_url&#8220; _module_preset=&#8220;default&#8220; custom_button=&#8220;on&#8220; button_text_color=&#8220;#FFFFFF&#8220; button_bg_color=&#8220;#f1c4af&#8220; global_colors_info=&#8220;{}&#8220; button_bg_color__hover_enabled=&#8220;off|desktop&#8220; button_bg_color__hover=&#8220;#f1c4af&#8220; button_bg_enable_color__hover=&#8220;on&#8220; button_text_color__hover_enabled=&#8220;off|hover&#8220; button_text_color__hover=&#8220;#FFFFFF&#8220;][\/et_pb_button][\/et_pb_column][\/et_pb_row][\/et_pb_section]<\/p>\n","protected":false},"excerpt":{"rendered":"<p>Investiere mit unsin deine Gesundheit,weil es schlicht nichts Wichtigeres gibt. Wir widmen dir mit Freude unsere Zeit und unsere vielf\u00e4ltige Expertise, um deine individuellen gesundheitlichen Ziele zu erreichen. Dabei geht es uns nicht nur darum, deine Symptome zu kurieren, sondern auch deren Ursache zu ergr\u00fcnden und diese zu behandeln. Unser f\u00e4higes und engagiertes Team hilft [&hellip;]<\/p>\n","protected":false},"author":2,"featured_media":0,"parent":0,"menu_order":0,"comment_status":"closed","ping_status":"closed","template":"","meta":{"_et_pb_use_builder":"on","_et_pb_old_content":"","_et_gb_content_width":"","footnotes":""},"class_list":["post-106","page","type-page","status-publish","hentry"],"yoast_head":"<!-- This site is optimized with the Yoast SEO plugin v25.4 - https:\/\/yoast.com\/wordpress\/plugins\/seo\/ -->\n<title>Home - Praxis Milland Praxis Klinik Medizin Brixen<\/title>\n<meta name=\"description\" content=\"Praxis Klinik Brixen: Spezialisiert in Medizin, Physio &amp; Gyn\u00e4kologie f\u00fcr erstklassige Gesundheitsversorgung und Patientenbetreuung.\" \/>\n<meta name=\"robots\" content=\"index, follow, max-snippet:-1, max-image-preview:large, max-video-preview:-1\" \/>\n<link rel=\"canonical\" href=\"https:\/\/praxis-milland.com\/\" \/>\n<meta property=\"og:locale\" content=\"de_DE\" \/>\n<meta property=\"og:type\" content=\"article\" \/>\n<meta property=\"og:title\" content=\"Home - Praxis Milland Praxis Klinik Medizin Brixen\" \/>\n<meta property=\"og:description\" content=\"Praxis Klinik Brixen: Spezialisiert in Medizin, Physio &amp; Gyn\u00e4kologie f\u00fcr erstklassige Gesundheitsversorgung und Patientenbetreuung.\" \/>\n<meta property=\"og:url\" content=\"https:\/\/praxis-milland.com\/\" \/>\n<meta property=\"og:site_name\" content=\"Praxis Milland\" \/>\n<meta property=\"article:modified_time\" content=\"2025-01-22T14:21:44+00:00\" \/>\n<meta name=\"twitter:card\" content=\"summary_large_image\" \/>\n<meta name=\"twitter:label1\" content=\"Gesch\u00e4tzte Lesezeit\" \/>\n\t<meta name=\"twitter:data1\" content=\"2\u00a0Minuten\" \/>\n<script type=\"application\/ld+json\" class=\"yoast-schema-graph\">{\"@context\":\"https:\/\/schema.org\",\"@graph\":[{\"@type\":\"WebPage\",\"@id\":\"https:\/\/praxis-milland.com\/\",\"url\":\"https:\/\/praxis-milland.com\/\",\"name\":\"Home - Praxis Milland Praxis Klinik Medizin Brixen\",\"isPartOf\":{\"@id\":\"https:\/\/praxis-milland.com\/#website\"},\"datePublished\":\"2015-11-23T10:22:37+00:00\",\"dateModified\":\"2025-01-22T14:21:44+00:00\",\"description\":\"Praxis Klinik Brixen: Spezialisiert in Medizin, Physio & Gyn\u00e4kologie f\u00fcr erstklassige Gesundheitsversorgung und Patientenbetreuung.\",\"breadcrumb\":{\"@id\":\"https:\/\/praxis-milland.com\/#breadcrumb\"},\"inLanguage\":\"de\",\"potentialAction\":[{\"@type\":\"ReadAction\",\"target\":[\"https:\/\/praxis-milland.com\/\"]}]},{\"@type\":\"BreadcrumbList\",\"@id\":\"https:\/\/praxis-milland.com\/#breadcrumb\",\"itemListElement\":[{\"@type\":\"ListItem\",\"position\":1,\"name\":\"Home\",\"item\":\"https:\/\/praxis-milland.com\/\"},{\"@type\":\"ListItem\",\"position\":2,\"name\":\"Home\"}]},{\"@type\":\"WebSite\",\"@id\":\"https:\/\/praxis-milland.com\/#website\",\"url\":\"https:\/\/praxis-milland.com\/\",\"name\":\"Praxis Milland\",\"description\":\"Physio Gyn Health\",\"potentialAction\":[{\"@type\":\"SearchAction\",\"target\":{\"@type\":\"EntryPoint\",\"urlTemplate\":\"https:\/\/praxis-milland.com\/?s={search_term_string}\"},\"query-input\":{\"@type\":\"PropertyValueSpecification\",\"valueRequired\":true,\"valueName\":\"search_term_string\"}}],\"inLanguage\":\"de\"}]}<\/script>\n<!-- \/ Yoast SEO plugin. -->","yoast_head_json":{"title":"Home - Praxis Milland Praxis Klinik Medizin Brixen","description":"Praxis Klinik Brixen: Spezialisiert in Medizin, Physio & Gyn\u00e4kologie f\u00fcr erstklassige Gesundheitsversorgung und Patientenbetreuung.","robots":{"index":"index","follow":"follow","max-snippet":"max-snippet:-1","max-image-preview":"max-image-preview:large","max-video-preview":"max-video-preview:-1"},"canonical":"https:\/\/praxis-milland.com\/","og_locale":"de_DE","og_type":"article","og_title":"Home - Praxis Milland Praxis Klinik Medizin Brixen","og_description":"Praxis Klinik Brixen: Spezialisiert in Medizin, Physio & Gyn\u00e4kologie f\u00fcr erstklassige Gesundheitsversorgung und Patientenbetreuung.","og_url":"https:\/\/praxis-milland.com\/","og_site_name":"Praxis Milland","article_modified_time":"2025-01-22T14:21:44+00:00","twitter_card":"summary_large_image","twitter_misc":{"Gesch\u00e4tzte Lesezeit":"2\u00a0Minuten"},"schema":{"@context":"https:\/\/schema.org","@graph":[{"@type":"WebPage","@id":"https:\/\/praxis-milland.com\/","url":"https:\/\/praxis-milland.com\/","name":"Home - Praxis Milland Praxis Klinik Medizin Brixen","isPartOf":{"@id":"https:\/\/praxis-milland.com\/#website"},"datePublished":"2015-11-23T10:22:37+00:00","dateModified":"2025-01-22T14:21:44+00:00","description":"Praxis Klinik Brixen: Spezialisiert in Medizin, Physio & Gyn\u00e4kologie f\u00fcr erstklassige Gesundheitsversorgung und Patientenbetreuung.","breadcrumb":{"@id":"https:\/\/praxis-milland.com\/#breadcrumb"},"inLanguage":"de","potentialAction":[{"@type":"ReadAction","target":["https:\/\/praxis-milland.com\/"]}]},{"@type":"BreadcrumbList","@id":"https:\/\/praxis-milland.com\/#breadcrumb","itemListElement":[{"@type":"ListItem","position":1,"name":"Home","item":"https:\/\/praxis-milland.com\/"},{"@type":"ListItem","position":2,"name":"Home"}]},{"@type":"WebSite","@id":"https:\/\/praxis-milland.com\/#website","url":"https:\/\/praxis-milland.com\/","name":"Praxis Milland","description":"Physio Gyn Health","potentialAction":[{"@type":"SearchAction","target":{"@type":"EntryPoint","urlTemplate":"https:\/\/praxis-milland.com\/?s={search_term_string}"},"query-input":{"@type":"PropertyValueSpecification","valueRequired":true,"valueName":"search_term_string"}}],"inLanguage":"de"}]}},"_links":{"self":[{"href":"https:\/\/praxis-milland.com\/index.php?rest_route=\/wp\/v2\/pages\/106","targetHints":{"allow":["GET"]}}],"collection":[{"href":"https:\/\/praxis-milland.com\/index.php?rest_route=\/wp\/v2\/pages"}],"about":[{"href":"https:\/\/praxis-milland.com\/index.php?rest_route=\/wp\/v2\/types\/page"}],"author":[{"embeddable":true,"href":"https:\/\/praxis-milland.com\/index.php?rest_route=\/wp\/v2\/users\/2"}],"replies":[{"embeddable":true,"href":"https:\/\/praxis-milland.com\/index.php?rest_route=%2Fwp%2Fv2%2Fcomments&post=106"}],"version-history":[{"count":65,"href":"https:\/\/praxis-milland.com\/index.php?rest_route=\/wp\/v2\/pages\/106\/revisions"}],"predecessor-version":[{"id":1749,"href":"https:\/\/praxis-milland.com\/index.php?rest_route=\/wp\/v2\/pages\/106\/revisions\/1749"}],"wp:attachment":[{"href":"https:\/\/praxis-milland.com\/index.php?rest_route=%2Fwp%2Fv2%2Fmedia&parent=106"}],"curies":[{"name":"wp","href":"https:\/\/api.w.org\/{rel}","templated":true}]}}