{"id":1443,"date":"2017-11-24T08:31:49","date_gmt":"2017-11-24T08:31:49","guid":{"rendered":"https:\/\/praxis-milland.com\/?page_id=1443"},"modified":"2024-02-15T10:54:13","modified_gmt":"2024-02-15T10:54:13","slug":"health","status":"publish","type":"page","link":"https:\/\/praxis-milland.com\/?page_id=1443&lang=it","title":{"rendered":"Health"},"content":{"rendered":"<p>[et_pb_section fb_built=&#8220;1&#8243; _builder_version=&#8220;4.23.1&#8243; _module_preset=&#8220;default&#8220; background_color=&#8220;#f8f3ee&#8220; custom_margin=&#8220;||||false|false&#8220; custom_padding=&#8220;0px||0px||false|false&#8220; global_colors_info=&#8220;{}&#8220;][et_pb_row _builder_version=&#8220;4.23.1&#8243; _module_preset=&#8220;default&#8220; background_color=&#8220;#ffffff&#8220; width=&#8220;100%&#8220; max_width=&#8220;2600px&#8220; custom_margin=&#8220;||||false|false&#8220; global_colors_info=&#8220;{}&#8220;][et_pb_column type=&#8220;4_4&#8243; _builder_version=&#8220;4.23.1&#8243; _module_preset=&#8220;default&#8220; global_colors_info=&#8220;{}&#8220;][et_pb_image src=&#8220;https:\/\/praxis-milland.com\/wp-content\/uploads\/2023\/11\/Logo-Bereiche-1.png&#8220; title_text=&#8220;Logo-Bereiche&#8220; url=&#8220;@ET-DC@eyJkeW5hbWljIjp0cnVlLCJjb250ZW50IjoicG9zdF9saW5rX3VybF9wYWdlIiwic2V0dGluZ3MiOnsicG9zdF9pZCI6IjEwNiJ9fQ==@&#8220; align=&#8220;center&#8220; _builder_version=&#8220;4.23.1&#8243; _dynamic_attributes=&#8220;url&#8220; _module_preset=&#8220;default&#8220; module_alignment=&#8220;center&#8220; max_height=&#8220;100px&#8220; custom_margin=&#8220;25px||25px||false|false&#8220; global_colors_info=&#8220;{}&#8220;][\/et_pb_image][\/et_pb_column][\/et_pb_row][et_pb_row _builder_version=&#8220;4.23.1&#8243; _module_preset=&#8220;default&#8220; width=&#8220;100%&#8220; max_width=&#8220;1920px&#8220; custom_margin=&#8220;||0px||false|false&#8220; custom_margin_tablet=&#8220;-50px||||false|false&#8220; custom_margin_phone=&#8220;-50px||0px||false|false&#8220; custom_margin_last_edited=&#8220;on|desktop&#8220; global_colors_info=&#8220;{}&#8220;][et_pb_column type=&#8220;4_4&#8243; _builder_version=&#8220;4.23.1&#8243; _module_preset=&#8220;default&#8220; global_colors_info=&#8220;{}&#8220;][et_pb_image src=&#8220;https:\/\/praxis-milland.com\/wp-content\/uploads\/2024\/01\/Health-1.png&#8220; title_text=&#8220;Health&#8220; _builder_version=&#8220;4.23.1&#8243; _module_preset=&#8220;default&#8220; global_colors_info=&#8220;{}&#8220;][\/et_pb_image][\/et_pb_column][\/et_pb_row][et_pb_row column_structure=&#8220;2_3,1_3&#8243; _builder_version=&#8220;4.23.1&#8243; _module_preset=&#8220;default&#8220; background_color=&#8220;#f8f3ee&#8220; width=&#8220;100%&#8220; max_width=&#8220;1920px&#8220; custom_margin=&#8220;-50px||||false|false&#8220; custom_margin_tablet=&#8220;0px||||false|false&#8220; custom_margin_phone=&#8220;0px||||false|false&#8220; custom_margin_last_edited=&#8220;off|desktop&#8220; custom_padding=&#8220;100px||||false|false&#8220; border_color_bottom=&#8220;#000000&#8243; global_colors_info=&#8220;{}&#8220;][et_pb_column type=&#8220;2_3&#8243; _builder_version=&#8220;4.23.1&#8243; _module_preset=&#8220;default&#8220; global_colors_info=&#8220;{}&#8220;][et_pb_text content_tablet=&#8220;<\/p>\n<p style=%22text-align: center;%22>Your content goes here. Edit or remove this text inline or in the module Content settings. You can also style every aspect of this content in the module Design settings and even apply custom CSS to this text in the module Advanced settings.<\/p>\n<p>&#8220; content_phone=&#8220;<\/p>\n<p style=%22text-align: left;%22>Your content goes here. Edit or remove this text inline or in the module Content settings. You can also style every aspect of this content in the module Design settings and even apply custom CSS to this text in the module Advanced settings.<\/p>\n<p>&#8220; content_last_edited=&#8220;off|phone&#8220; _builder_version=&#8220;4.23.1&#8243; _module_preset=&#8220;default&#8220; background_color=&#8220;#f8f3ee&#8220; width=&#8220;70%&#8220; width_tablet=&#8220;80%&#8220; width_phone=&#8220;79%&#8220; width_last_edited=&#8220;on|desktop&#8220; module_alignment=&#8220;center&#8220; custom_margin=&#8220;||30px||false|false&#8220; custom_margin_last_edited=&#8220;off|desktop&#8220; border_radii=&#8220;on|20px|20px|20px|20px&#8220; border_width_all=&#8220;20px&#8220; border_color_all=&#8220;#f8f3ee&#8220; global_colors_info=&#8220;{}&#8220;]<\/p>\n<p><span style=\"font-weight: 400;\"><strong>Pediatria e medicina dell\u2019adolescenza, agopuntura auricolare e corporea, auricolomedicina<\/strong>: Assistenza medica con valutazione dello sviluppo, prevenzione, consulenza e terapia per uno sviluppo sano ed il benessere di bambini ed adolescenti e delle loro famiglie. Agopuntura (volentieri indolore con calamite o massaggio) e consigli concreti secondo la Medicina Tradizionale Cinese e la medicina del microbiota arricchiscono il mio repertorio per tutte le fascie di et\u00e0.<\/span><\/p>\n<p><span style=\"font-weight: 400; color: #aeb4dd;\"><span style=\"font-weight: 400;\">Specialista<\/span>: <span style=\"color: #333333;\"><a href=\"https:\/\/praxis-milland.com\/?page_id=261\" style=\"font-weight: 400;\">Dott.ssa Elisabeth Fulterer<\/a><\/span><\/span><\/p>\n<p>[\/et_pb_text][et_pb_divider _builder_version=&#8220;4.23.1&#8243; _module_preset=&#8220;default&#8220; width=&#8220;65%&#8220; module_alignment=&#8220;center&#8220; global_colors_info=&#8220;{}&#8220;][\/et_pb_divider][et_pb_text content_tablet=&#8220;<\/p>\n<p style=%22text-align: center;%22>Your content goes here. Edit or remove this text inline or in the module Content settings. You can also style every aspect of this content in the module Design settings and even apply custom CSS to this text in the module Advanced settings.<\/p>\n<p>&#8220; content_phone=&#8220;<\/p>\n<p style=%22text-align: left;%22>Your content goes here. Edit or remove this text inline or in the module Content settings. You can also style every aspect of this content in the module Design settings and even apply custom CSS to this text in the module Advanced settings.<\/p>\n<p>&#8220; content_last_edited=&#8220;off|phone&#8220; _builder_version=&#8220;4.23.1&#8243; _module_preset=&#8220;default&#8220; background_color=&#8220;#f8f3ee&#8220; width=&#8220;70%&#8220; width_tablet=&#8220;80%&#8220; width_phone=&#8220;79%&#8220; width_last_edited=&#8220;on|desktop&#8220; module_alignment=&#8220;center&#8220; custom_margin=&#8220;||||false|false&#8220; custom_margin_last_edited=&#8220;off|desktop&#8220; custom_padding=&#8220;||0px|||&#8220; border_radii=&#8220;on|20px|20px|20px|20px&#8220; border_width_all=&#8220;20px&#8220; border_color_all=&#8220;#f8f3ee&#8220; global_colors_info=&#8220;{}&#8220;]<\/p>\n<p><span style=\"font-weight: 400;\"><strong>Consulenza nutrizionale<\/strong>: Consulenza personalizzata per promuovere un&#8217;alimentazione sana basata sulle esigenze individuali e sullo stile di vita.<\/span><\/p>\n<p><span style=\"font-weight: 400; color: #aeb4dd;\"><span style=\"font-weight: 400;\">Consulente<\/span>: <a href=\"https:\/\/praxis-milland.com\/?page_id=283\"><span style=\"font-weight: 400;\" font-weight:=\"\" 400=\"\">Matthias Unterkircher<\/span><\/a><\/span><\/p>\n<p>[\/et_pb_text][et_pb_divider _builder_version=&#8220;4.23.1&#8243; _module_preset=&#8220;default&#8220; width=&#8220;65%&#8220; module_alignment=&#8220;center&#8220; global_colors_info=&#8220;{}&#8220;][\/et_pb_divider][et_pb_text content_tablet=&#8220;<\/p>\n<p style=%22text-align: center;%22>Your content goes here. Edit or remove this text inline or in the module Content settings. You can also style every aspect of this content in the module Design settings and even apply custom CSS to this text in the module Advanced settings.<\/p>\n<p>&#8220; content_phone=&#8220;<\/p>\n<p style=%22text-align: left;%22>Your content goes here. Edit or remove this text inline or in the module Content settings. You can also style every aspect of this content in the module Design settings and even apply custom CSS to this text in the module Advanced settings.<\/p>\n<p>&#8220; content_last_edited=&#8220;off|phone&#8220; _builder_version=&#8220;4.23.1&#8243; _module_preset=&#8220;default&#8220; background_color=&#8220;#f8f3ee&#8220; width=&#8220;70%&#8220; width_tablet=&#8220;80%&#8220; width_phone=&#8220;79%&#8220; width_last_edited=&#8220;on|desktop&#8220; module_alignment=&#8220;center&#8220; custom_margin=&#8220;||||false|false&#8220; custom_margin_last_edited=&#8220;off|desktop&#8220; custom_padding=&#8220;||0px|||&#8220; border_radii=&#8220;on|20px|20px|20px|20px&#8220; border_width_all=&#8220;20px&#8220; border_color_all=&#8220;#f8f3ee&#8220; global_colors_info=&#8220;{}&#8220;]<\/p>\n<p><span style=\"font-weight: 400;\"><strong>Gruppo pavimento pelvico<\/strong>: Anna Tolpeit conduce gruppi pavimento pelvico: subito dopo il parto o per problemi di prolasso e incontinenza.<\/span><\/p>\n<p><em>Questo programma viene svolto in blocchi da 10 lezioni.<\/em><\/p>\n<p><span style=\"font-weight: 400; color: #aeb4dd;\"><span style=\"font-weight: 400;\">Consulente<\/span>: <a href=\"https:\/\/praxis-milland.com\/?page_id=254\"><span style=\"font-weight: 400;\"><span>Anna Tolpeit<\/span><\/span><\/a><\/span><\/p>\n<p>[\/et_pb_text][et_pb_divider _builder_version=&#8220;4.23.1&#8243; _module_preset=&#8220;default&#8220; width=&#8220;65%&#8220; module_alignment=&#8220;center&#8220; global_colors_info=&#8220;{}&#8220;][\/et_pb_divider][et_pb_text content_tablet=&#8220;<\/p>\n<p style=%22text-align: center;%22>Your content goes here. Edit or remove this text inline or in the module Content settings. You can also style every aspect of this content in the module Design settings and even apply custom CSS to this text in the module Advanced settings.<\/p>\n<p>&#8220; content_phone=&#8220;<\/p>\n<p style=%22text-align: left;%22>Your content goes here. Edit or remove this text inline or in the module Content settings. You can also style every aspect of this content in the module Design settings and even apply custom CSS to this text in the module Advanced settings.<\/p>\n<p>&#8220; content_last_edited=&#8220;off|phone&#8220; _builder_version=&#8220;4.23.1&#8243; _module_preset=&#8220;default&#8220; background_color=&#8220;#f8f3ee&#8220; width=&#8220;70%&#8220; width_tablet=&#8220;80%&#8220; width_phone=&#8220;79%&#8220; width_last_edited=&#8220;on|desktop&#8220; module_alignment=&#8220;center&#8220; custom_margin=&#8220;||||false|false&#8220; custom_margin_last_edited=&#8220;off|desktop&#8220; custom_padding=&#8220;||0px|||&#8220; border_radii=&#8220;on|20px|20px|20px|20px&#8220; border_width_all=&#8220;20px&#8220; border_color_all=&#8220;#f8f3ee&#8220; global_colors_info=&#8220;{}&#8220;]<\/p>\n<h6><strong>Programmi di esercizio fisico<\/strong><\/h6>\n<p>[\/et_pb_text][et_pb_text content_tablet=&#8220;<\/p>\n<p style=%22text-align: center;%22>Your content goes here. Edit or remove this text inline or in the module Content settings. You can also style every aspect of this content in the module Design settings and even apply custom CSS to this text in the module Advanced settings.<\/p>\n<p>&#8220; content_phone=&#8220;<\/p>\n<p style=%22text-align: left;%22>Your content goes here. Edit or remove this text inline or in the module Content settings. You can also style every aspect of this content in the module Design settings and even apply custom CSS to this text in the module Advanced settings.<\/p>\n<p>&#8220; content_last_edited=&#8220;off|phone&#8220; _builder_version=&#8220;4.23.1&#8243; _module_preset=&#8220;default&#8220; background_color=&#8220;#f8f3ee&#8220; width=&#8220;70%&#8220; width_tablet=&#8220;80%&#8220; width_phone=&#8220;79%&#8220; width_last_edited=&#8220;on|desktop&#8220; module_alignment=&#8220;center&#8220; custom_margin=&#8220;||||false|false&#8220; custom_margin_last_edited=&#8220;off|desktop&#8220; custom_padding=&#8220;||0px|||&#8220; border_radii=&#8220;on|20px|20px|20px|20px&#8220; border_width_all=&#8220;20px&#8220; border_color_all=&#8220;#f8f3ee&#8220; global_colors_info=&#8220;{}&#8220;]<\/p>\n<p><span style=\"font-weight: 400;\"><strong>Ginnastica per la salute<\/strong>: Lilli Unterkircher conduce da molti anni gruppi in modalit\u00e0 di movimento olistico: forza, resistenza, mobilit\u00e0, respirazione e rilassamento per tutte le et\u00e0.<\/span><\/p>\n<p><em>Per questa offerta sono previste tessere a punti: nessun punto viene perso: ogni volta che si viene, un punto viene barrato e datato<\/em><\/p>\n<p><span style=\"font-weight: 400; color: #aeb4dd;\"><span style=\"font-weight: 400;\">Trainer<\/span>: <a href=\"https:\/\/praxis-milland.com\/?page_id=218\"><span style=\"font-weight: 400;\"><span>Lilli Unterkircher<\/span><\/span><\/a><\/span><\/p>\n<p>[\/et_pb_text][et_pb_divider _builder_version=&#8220;4.23.1&#8243; _module_preset=&#8220;default&#8220; width=&#8220;65%&#8220; module_alignment=&#8220;center&#8220; global_colors_info=&#8220;{}&#8220;][\/et_pb_divider][et_pb_text content_tablet=&#8220;<\/p>\n<p style=%22text-align: center;%22>Your content goes here. Edit or remove this text inline or in the module Content settings. You can also style every aspect of this content in the module Design settings and even apply custom CSS to this text in the module Advanced settings.<\/p>\n<p>&#8220; content_phone=&#8220;<\/p>\n<p style=%22text-align: left;%22>Your content goes here. Edit or remove this text inline or in the module Content settings. You can also style every aspect of this content in the module Design settings and even apply custom CSS to this text in the module Advanced settings.<\/p>\n<p>&#8220; content_last_edited=&#8220;off|phone&#8220; _builder_version=&#8220;4.23.1&#8243; _module_preset=&#8220;default&#8220; background_color=&#8220;#f8f3ee&#8220; width=&#8220;70%&#8220; width_tablet=&#8220;80%&#8220; width_phone=&#8220;79%&#8220; width_last_edited=&#8220;on|desktop&#8220; module_alignment=&#8220;center&#8220; custom_margin=&#8220;||||false|false&#8220; custom_margin_last_edited=&#8220;off|desktop&#8220; custom_padding=&#8220;||0px|||&#8220; border_radii=&#8220;on|20px|20px|20px|20px&#8220; border_width_all=&#8220;20px&#8220; border_color_all=&#8220;#f8f3ee&#8220; global_colors_info=&#8220;{}&#8220;]<\/p>\n<p><b>Golden ladies<\/b><span style=\"font-weight: 400;\">: I gruppi per i grandi sono molto piccoli: massimo 5-6 persone, perch\u00e9 con l&#8217;avanzare dell&#8217;et\u00e0 i problemi che si presentano sono di solito vari: l&#8217;attenzione \u00e8 rivolta all&#8217;equilibrio, al mantenimento della mobilit\u00e0, ma anche la forza, la respirazione e la coordinazione sono una parte importante dell&#8217;unit\u00e0 ginnica.<\/span><\/p>\n<p><em>Per questa offerta sono previste tessere a punti: nessun punto viene perso: ogni volta che si viene, un punto viene barrato e datato<\/em><\/p>\n<p><span style=\"font-weight: 400; color: #aeb4dd;\"><span style=\"font-weight: 400;\">Trainer<\/span>: <a href=\"https:\/\/praxis-milland.com\/?page_id=218\"><span style=\"font-weight: 400;\"><span>Lilli Unterkircher<\/span><\/span><\/a><\/span><\/p>\n<p>[\/et_pb_text][et_pb_divider _builder_version=&#8220;4.23.1&#8243; _module_preset=&#8220;default&#8220; width=&#8220;65%&#8220; module_alignment=&#8220;center&#8220; global_colors_info=&#8220;{}&#8220;][\/et_pb_divider][et_pb_text content_tablet=&#8220;<\/p>\n<p style=%22text-align: center;%22>Your content goes here. Edit or remove this text inline or in the module Content settings. You can also style every aspect of this content in the module Design settings and even apply custom CSS to this text in the module Advanced settings.<\/p>\n<p>&#8220; content_phone=&#8220;<\/p>\n<p style=%22text-align: left;%22>Your content goes here. Edit or remove this text inline or in the module Content settings. You can also style every aspect of this content in the module Design settings and even apply custom CSS to this text in the module Advanced settings.<\/p>\n<p>&#8220; content_last_edited=&#8220;off|phone&#8220; _builder_version=&#8220;4.23.1&#8243; _module_preset=&#8220;default&#8220; background_color=&#8220;#f8f3ee&#8220; width=&#8220;70%&#8220; width_tablet=&#8220;80%&#8220; width_phone=&#8220;79%&#8220; width_last_edited=&#8220;on|desktop&#8220; module_alignment=&#8220;center&#8220; custom_margin=&#8220;||||false|false&#8220; custom_margin_last_edited=&#8220;off|desktop&#8220; custom_padding=&#8220;||0px|||&#8220; border_radii=&#8220;on|20px|20px|20px|20px&#8220; border_width_all=&#8220;20px&#8220; border_color_all=&#8220;#f8f3ee&#8220; global_colors_info=&#8220;{}&#8220;]<\/p>\n<p><b>BODYART<\/b><span style=\"font-weight: 400;\">: <\/span>Programma di fitness olistico che combina mobilit\u00e0, resistenza, forza, coordinazione, stretching e bodymindcentering; questo allenamento si basa su Pilates, yoga, ChiGong e fisioterapia per offrire un sano allenamento a tutto tondo. Adatto a chiunque sia alla ricerca di una sfida e voglia migliorare la propria mobilit\u00e0, forza e postura sotto l&#8217;occhio di un esperto. Fantastico anche per bilanciare qualsiasi altro sport. La BODYART obbliga tutti gli istruttori a frequentare almeno un corso di aggiornamento ogni anno per mantenere la qualit\u00e0 del programma.<\/p>\n<p><span style=\"font-weight: 400; color: #aeb4dd;\"><span style=\"font-weight: 400;\">Trainer<\/span>: <a href=\"https:\/\/praxis-milland.com\/?page_id=218\"><span style=\"font-weight: 400;\"><span>Lilli Unterkircher<\/span><\/span><\/a><\/span><\/p>\n<p>[\/et_pb_text][et_pb_button button_url=&#8220;@ET-DC@eyJkeW5hbWljIjp0cnVlLCJjb250ZW50IjoicG9zdF9saW5rX3VybF9wYWdlIiwic2V0dGluZ3MiOnsicG9zdF9pZCI6IjcwIn19@&#8220; button_text=&#8220;Torna ai servizi&#8220; button_alignment=&#8220;center&#8220; _builder_version=&#8220;4.23.1&#8243; _dynamic_attributes=&#8220;button_url&#8220; _module_preset=&#8220;default&#8220; custom_button=&#8220;on&#8220; button_text_color=&#8220;#FFFFFF&#8220; button_bg_color=&#8220;#f1c4af&#8220; button_border_color=&#8220;RGBA(255,255,255,0)&#8220; button_icon=&#8220;&#x34;||divi||400&#8243; button_icon_placement=&#8220;left&#8220; custom_margin=&#8220;100px||50px||false|false&#8220; button_bg_color_last_edited=&#8220;off|desktop&#8220; global_colors_info=&#8220;{}&#8220; button_text_color__hover_enabled=&#8220;off|desktop&#8220; button_text_color__hover=&#8220;#FFFFFF&#8220; button_bg_color__hover_enabled=&#8220;off|desktop&#8220; button_bg_color__hover=&#8220;#f1c4af&#8220; button_bg_enable_color__hover=&#8220;on&#8220; button_border_color__hover_enabled=&#8220;on|hover&#8220; button_border_color__hover=&#8220;#f1c4af&#8220;][\/et_pb_button][\/et_pb_column][et_pb_column type=&#8220;1_3&#8243; _builder_version=&#8220;4.23.1&#8243; _module_preset=&#8220;default&#8220; global_colors_info=&#8220;{}&#8220;][\/et_pb_column][\/et_pb_row][\/et_pb_section]<\/p>\n","protected":false},"excerpt":{"rendered":"<p>Pediatria e medicina dell\u2019adolescenza, agopuntura auricolare e corporea, auricolomedicina: Assistenza medica con valutazione dello sviluppo, prevenzione, consulenza e terapia per uno sviluppo sano ed il benessere di bambini ed adolescenti e delle loro famiglie. Agopuntura (volentieri indolore con calamite o massaggio) e consigli concreti secondo la Medicina Tradizionale Cinese e la medicina del microbiota arricchiscono [&hellip;]<\/p>\n","protected":false},"author":2,"featured_media":0,"parent":1428,"menu_order":0,"comment_status":"closed","ping_status":"closed","template":"","meta":{"_et_pb_use_builder":"on","_et_pb_old_content":"","_et_gb_content_width":"","footnotes":""},"class_list":["post-1443","page","type-page","status-publish","hentry"],"yoast_head":"<!-- This site is optimized with the Yoast SEO plugin v25.4 - https:\/\/yoast.com\/wordpress\/plugins\/seo\/ -->\n<title>Health - Praxis Milland<\/title>\n<meta name=\"robots\" content=\"index, follow, max-snippet:-1, max-image-preview:large, max-video-preview:-1\" \/>\n<link rel=\"canonical\" href=\"https:\/\/praxis-milland.com\/?page_id=1443\" \/>\n<meta property=\"og:locale\" content=\"de_DE\" \/>\n<meta property=\"og:type\" content=\"article\" \/>\n<meta property=\"og:title\" content=\"Health - Praxis Milland\" \/>\n<meta property=\"og:description\" content=\"Pediatria e medicina dell\u2019adolescenza, agopuntura auricolare e corporea, auricolomedicina: Assistenza medica con valutazione dello sviluppo, prevenzione, consulenza e terapia per uno sviluppo sano ed il benessere di bambini ed adolescenti e delle loro famiglie. Agopuntura (volentieri indolore con calamite o massaggio) e consigli concreti secondo la Medicina Tradizionale Cinese e la medicina del microbiota arricchiscono [&hellip;]\" \/>\n<meta property=\"og:url\" content=\"https:\/\/praxis-milland.com\/?page_id=1443&amp;lang=it\" \/>\n<meta property=\"og:site_name\" content=\"Praxis Milland\" \/>\n<meta property=\"article:modified_time\" content=\"2024-02-15T10:54:13+00:00\" \/>\n<meta name=\"twitter:card\" content=\"summary_large_image\" \/>\n<script type=\"application\/ld+json\" class=\"yoast-schema-graph\">{\"@context\":\"https:\/\/schema.org\",\"@graph\":[{\"@type\":\"WebPage\",\"@id\":\"https:\/\/praxis-milland.com\/?page_id=1443&lang=it\",\"url\":\"https:\/\/praxis-milland.com\/?page_id=1443&lang=it\",\"name\":\"Health - Praxis Milland\",\"isPartOf\":{\"@id\":\"https:\/\/praxis-milland.com\/#website\"},\"datePublished\":\"2017-11-24T08:31:49+00:00\",\"dateModified\":\"2024-02-15T10:54:13+00:00\",\"breadcrumb\":{\"@id\":\"https:\/\/praxis-milland.com\/?page_id=1443&lang=it#breadcrumb\"},\"inLanguage\":\"de\",\"potentialAction\":[{\"@type\":\"ReadAction\",\"target\":[\"https:\/\/praxis-milland.com\/?page_id=1443&lang=it\"]}]},{\"@type\":\"BreadcrumbList\",\"@id\":\"https:\/\/praxis-milland.com\/?page_id=1443&lang=it#breadcrumb\",\"itemListElement\":[{\"@type\":\"ListItem\",\"position\":1,\"name\":\"Home\",\"item\":\"https:\/\/praxis-milland.com\/\"},{\"@type\":\"ListItem\",\"position\":2,\"name\":\"Ambiti\",\"item\":\"https:\/\/praxis-milland.com\/?page_id=1428\"},{\"@type\":\"ListItem\",\"position\":3,\"name\":\"Health\"}]},{\"@type\":\"WebSite\",\"@id\":\"https:\/\/praxis-milland.com\/#website\",\"url\":\"https:\/\/praxis-milland.com\/\",\"name\":\"Praxis Milland\",\"description\":\"Physio Gyn Health\",\"potentialAction\":[{\"@type\":\"SearchAction\",\"target\":{\"@type\":\"EntryPoint\",\"urlTemplate\":\"https:\/\/praxis-milland.com\/?s={search_term_string}\"},\"query-input\":{\"@type\":\"PropertyValueSpecification\",\"valueRequired\":true,\"valueName\":\"search_term_string\"}}],\"inLanguage\":\"de\"}]}<\/script>\n<!-- \/ Yoast SEO plugin. -->","yoast_head_json":{"title":"Health - Praxis Milland","robots":{"index":"index","follow":"follow","max-snippet":"max-snippet:-1","max-image-preview":"max-image-preview:large","max-video-preview":"max-video-preview:-1"},"canonical":"https:\/\/praxis-milland.com\/?page_id=1443","og_locale":"de_DE","og_type":"article","og_title":"Health - Praxis Milland","og_description":"Pediatria e medicina dell\u2019adolescenza, agopuntura auricolare e corporea, auricolomedicina: Assistenza medica con valutazione dello sviluppo, prevenzione, consulenza e terapia per uno sviluppo sano ed il benessere di bambini ed adolescenti e delle loro famiglie. Agopuntura (volentieri indolore con calamite o massaggio) e consigli concreti secondo la Medicina Tradizionale Cinese e la medicina del microbiota arricchiscono [&hellip;]","og_url":"https:\/\/praxis-milland.com\/?page_id=1443&lang=it","og_site_name":"Praxis Milland","article_modified_time":"2024-02-15T10:54:13+00:00","twitter_card":"summary_large_image","schema":{"@context":"https:\/\/schema.org","@graph":[{"@type":"WebPage","@id":"https:\/\/praxis-milland.com\/?page_id=1443&lang=it","url":"https:\/\/praxis-milland.com\/?page_id=1443&lang=it","name":"Health - Praxis Milland","isPartOf":{"@id":"https:\/\/praxis-milland.com\/#website"},"datePublished":"2017-11-24T08:31:49+00:00","dateModified":"2024-02-15T10:54:13+00:00","breadcrumb":{"@id":"https:\/\/praxis-milland.com\/?page_id=1443&lang=it#breadcrumb"},"inLanguage":"de","potentialAction":[{"@type":"ReadAction","target":["https:\/\/praxis-milland.com\/?page_id=1443&lang=it"]}]},{"@type":"BreadcrumbList","@id":"https:\/\/praxis-milland.com\/?page_id=1443&lang=it#breadcrumb","itemListElement":[{"@type":"ListItem","position":1,"name":"Home","item":"https:\/\/praxis-milland.com\/"},{"@type":"ListItem","position":2,"name":"Ambiti","item":"https:\/\/praxis-milland.com\/?page_id=1428"},{"@type":"ListItem","position":3,"name":"Health"}]},{"@type":"WebSite","@id":"https:\/\/praxis-milland.com\/#website","url":"https:\/\/praxis-milland.com\/","name":"Praxis Milland","description":"Physio Gyn Health","potentialAction":[{"@type":"SearchAction","target":{"@type":"EntryPoint","urlTemplate":"https:\/\/praxis-milland.com\/?s={search_term_string}"},"query-input":{"@type":"PropertyValueSpecification","valueRequired":true,"valueName":"search_term_string"}}],"inLanguage":"de"}]}},"_links":{"self":[{"href":"https:\/\/praxis-milland.com\/index.php?rest_route=\/wp\/v2\/pages\/1443","targetHints":{"allow":["GET"]}}],"collection":[{"href":"https:\/\/praxis-milland.com\/index.php?rest_route=\/wp\/v2\/pages"}],"about":[{"href":"https:\/\/praxis-milland.com\/index.php?rest_route=\/wp\/v2\/types\/page"}],"author":[{"embeddable":true,"href":"https:\/\/praxis-milland.com\/index.php?rest_route=\/wp\/v2\/users\/2"}],"replies":[{"embeddable":true,"href":"https:\/\/praxis-milland.com\/index.php?rest_route=%2Fwp%2Fv2%2Fcomments&post=1443"}],"version-history":[{"count":6,"href":"https:\/\/praxis-milland.com\/index.php?rest_route=\/wp\/v2\/pages\/1443\/revisions"}],"predecessor-version":[{"id":1700,"href":"https:\/\/praxis-milland.com\/index.php?rest_route=\/wp\/v2\/pages\/1443\/revisions\/1700"}],"up":[{"embeddable":true,"href":"https:\/\/praxis-milland.com\/index.php?rest_route=\/wp\/v2\/pages\/1428"}],"wp:attachment":[{"href":"https:\/\/praxis-milland.com\/index.php?rest_route=%2Fwp%2Fv2%2Fmedia&parent=1443"}],"curies":[{"name":"wp","href":"https:\/\/api.w.org\/{rel}","templated":true}]}}