{"id":1461,"date":"2015-11-23T10:22:37","date_gmt":"2015-11-23T10:22:37","guid":{"rendered":"https:\/\/praxis-milland.com\/?page_id=1461"},"modified":"2025-01-22T14:19:56","modified_gmt":"2025-01-22T14:19:56","slug":"home","status":"publish","type":"page","link":"https:\/\/praxis-milland.com\/?page_id=1461&lang=it","title":{"rendered":"Home"},"content":{"rendered":"<p>[et_pb_section fb_built=&#8220;1&#8243; _builder_version=&#8220;4.23.1&#8243; _module_preset=&#8220;default&#8220; custom_margin=&#8220;||||false|false&#8220; custom_margin_tablet=&#8220;-150px||||false|false&#8220; custom_margin_phone=&#8220;-150px||||false|false&#8220; custom_margin_last_edited=&#8220;on|desktop&#8220; custom_padding=&#8220;0px|1px|0px||false|false&#8220; global_colors_info=&#8220;{}&#8220;][et_pb_row _builder_version=&#8220;4.23.1&#8243; _module_preset=&#8220;default&#8220; custom_margin=&#8220;100px||||false|false&#8220; global_colors_info=&#8220;{}&#8220;][et_pb_column type=&#8220;4_4&#8243; _builder_version=&#8220;4.23.1&#8243; _module_preset=&#8220;default&#8220; global_colors_info=&#8220;{}&#8220;][et_pb_image src=&#8220;https:\/\/praxis-milland.com\/wp-content\/uploads\/2023\/11\/Logo-Bereiche-1.png&#8220; title_text=&#8220;Logo-Bereiche&#8220; align=&#8220;center&#8220; _builder_version=&#8220;4.23.1&#8243; _module_preset=&#8220;default&#8220; max_height=&#8220;250px&#8220; custom_margin_tablet=&#8220;100px||||false|false&#8220; custom_margin_phone=&#8220;100px||||false|false&#8220; custom_margin_last_edited=&#8220;on|desktop&#8220; global_colors_info=&#8220;{}&#8220;][\/et_pb_image][\/et_pb_column][\/et_pb_row][et_pb_row _builder_version=&#8220;4.23.1&#8243; _module_preset=&#8220;default&#8220; background_image=&#8220;https:\/\/praxis-milland.com\/wp-content\/uploads\/2023\/11\/231128_Welle_alpha360.gif&#8220; background_enable_video_mp4=&#8220;off&#8220; background_video_pause_outside_viewport=&#8220;off&#8220; width=&#8220;100%&#8220; max_width=&#8220;2600px&#8220; min_height_last_edited=&#8220;off|desktop&#8220; height=&#8220;350px&#8220; height_tablet=&#8220;300px&#8220; height_phone=&#8220;250px&#8220; height_last_edited=&#8220;on|phone&#8220; custom_margin=&#8220;100px|auto||auto|false|false&#8220; custom_padding=&#8220;||||false|false&#8220; global_colors_info=&#8220;{}&#8220;][et_pb_column type=&#8220;4_4&#8243; _builder_version=&#8220;4.23.1&#8243; _module_preset=&#8220;default&#8220; global_colors_info=&#8220;{}&#8220;][\/et_pb_column][\/et_pb_row][et_pb_row column_structure=&#8220;1_2,1_2&#8243; _builder_version=&#8220;4.23.1&#8243; _module_preset=&#8220;default&#8220; max_width=&#8220;1300px&#8220; custom_margin=&#8220;100px||||false|false&#8220; global_colors_info=&#8220;{}&#8220;][et_pb_column type=&#8220;1_2&#8243; _builder_version=&#8220;4.23.1&#8243; _module_preset=&#8220;default&#8220; global_colors_info=&#8220;{}&#8220;][et_pb_text content_tablet=&#8220;<\/p>\n<h4 style=%22text-align: left;%22><span style=%22color: #f4c7b2;%22><em><strong>Investite nella vostra salute con noi, perch\u00e9 non c&#8217;\u00e8 niente di pi\u00f9 importante.<\/strong><\/em><\/span><\/h4>\n<p>&#8220; content_phone=&#8220;<\/p>\n<h1 style=%22text-align: left;%22><span style=%22color: #f4c7b2;%22><em><strong>Investite nella vostra salute con noi, perch\u00e9 non c&#8217;\u00e8 niente di pi\u00f9 importante.<\/strong><\/em><\/span><\/h1>\n<p>&#8220; content_last_edited=&#8220;off|desktop&#8220; _builder_version=&#8220;4.27.3&#8243; _module_preset=&#8220;default&#8220; custom_margin=&#8220;60px|||100px|false|false&#8220; custom_margin_tablet=&#8220;0px|||0px|false|false&#8220; custom_margin_phone=&#8220;0px||||false|false&#8220; custom_margin_last_edited=&#8220;on|desktop&#8220; custom_padding=&#8220;||||false|false&#8220; hover_enabled=&#8220;0&#8243; global_colors_info=&#8220;{}&#8220; sticky_enabled=&#8220;0&#8243;]<\/p>\n<h3 style=\"text-align: left;\"><span style=\"color: #f4a187;\"><em><strong>Investite nella vostra salute con noi, perch\u00e9 non c&#8217;\u00e8 niente di pi\u00f9 importante.<\/strong><\/em><\/span><\/h3>\n<p>[\/et_pb_text][\/et_pb_column][et_pb_column type=&#8220;1_2&#8243; _builder_version=&#8220;4.23.1&#8243; _module_preset=&#8220;default&#8220; global_colors_info=&#8220;{}&#8220;][et_pb_text _builder_version=&#8220;4.23.1&#8243; _dynamic_attributes=&#8220;link_option_url&#8220; _module_preset=&#8220;default&#8220; custom_margin=&#8220;|||-35px|false|false&#8220; custom_margin_tablet=&#8220;||-50px|0px|false|false&#8220; custom_margin_phone=&#8220;||-50px||false|false&#8220; custom_margin_last_edited=&#8220;on|desktop&#8220; link_option_url=&#8220;@ET-DC@eyJkeW5hbWljIjp0cnVlLCJjb250ZW50IjoicG9zdF9saW5rX3VybF9wYWdlIiwic2V0dGluZ3MiOnsicG9zdF9pZCI6Ijk5In19@&#8220; global_colors_info=&#8220;{}&#8220;]<\/p>\n<blockquote>\n<p>&nbsp;<\/p>\n<p>Siamo felici di dedicare il nostro tempo e le nostre<span class=\"Apple-converted-space\">\u00a0 <\/span>competenze per aiutarVi<span class=\"Apple-converted-space\">\u00a0 <\/span>ed accontentare le Vostre esigenze individuali di salute. Il nostro obiettivo non \u00e8 solo quello di curare i Vostri sintomi, ma anche di identificarne la causa e di trattarli. Il nostro team esperto e dedicato Vi aiuter\u00e0 a curare i disturbi esistenti e a prevenire quelli futuri.<\/p>\n<p>&nbsp;<\/p>\n<\/blockquote>\n<p>[\/et_pb_text][\/et_pb_column][\/et_pb_row][et_pb_row _builder_version=&#8220;4.23.1&#8243; _module_preset=&#8220;default&#8220; max_width=&#8220;1920px&#8220; custom_margin=&#8220;50px||100px||false|false&#8220; custom_margin_tablet=&#8220;50px||0px||false|false&#8220; custom_margin_phone=&#8220;25px||0px||false|false&#8220; custom_margin_last_edited=&#8220;on|phone&#8220; global_colors_info=&#8220;{}&#8220;][et_pb_column type=&#8220;4_4&#8243; _builder_version=&#8220;4.23.1&#8243; _module_preset=&#8220;default&#8220; global_colors_info=&#8220;{}&#8220;][et_pb_divider _builder_version=&#8220;4.23.1&#8243; _module_preset=&#8220;default&#8220; global_colors_info=&#8220;{}&#8220;][\/et_pb_divider][\/et_pb_column][\/et_pb_row][et_pb_row column_structure=&#8220;1_3,1_3,1_3&#8243; _builder_version=&#8220;4.23.1&#8243; _module_preset=&#8220;default&#8220; max_width=&#8220;1920px&#8220; global_colors_info=&#8220;{}&#8220;][et_pb_column type=&#8220;1_3&#8243; _builder_version=&#8220;4.23.1&#8243; _module_preset=&#8220;default&#8220; global_colors_info=&#8220;{}&#8220;][et_pb_text _builder_version=&#8220;4.23.1&#8243; _dynamic_attributes=&#8220;link_option_url&#8220; _module_preset=&#8220;default&#8220; link_option_url=&#8220;@ET-DC@eyJkeW5hbWljIjp0cnVlLCJjb250ZW50IjoicG9zdF9saW5rX3VybF9wYWdlIiwic2V0dGluZ3MiOnsicG9zdF9pZCI6IjE2NSJ9fQ==@&#8220; global_colors_info=&#8220;{}&#8220;]<\/p>\n<h1><strong>Physio<\/strong><\/h1>\n<p>[\/et_pb_text][et_pb_text _builder_version=&#8220;4.23.1&#8243; _module_preset=&#8220;default&#8220; global_colors_info=&#8220;{}&#8220;]<\/p>\n<p>Il nostro reparto di fisioterapia offre un&#8217;ampia gamma di trattamenti per migliorare la mobilit\u00e0 e alleviare il dolore. Con un team di fisioterapisti esperti, utilizziamo specializzazioni come la terapia craniosacrale, la terapia manuale e l&#8217;osteopatia per rispondere alle vostre esigenze individuali.<\/p>\n<p>&nbsp;<\/p>\n<p>&nbsp;<\/p>\n<p>[\/et_pb_text][\/et_pb_column][et_pb_column type=&#8220;1_3&#8243; _builder_version=&#8220;4.23.1&#8243; _module_preset=&#8220;default&#8220; global_colors_info=&#8220;{}&#8220;][et_pb_text _builder_version=&#8220;4.23.1&#8243; _dynamic_attributes=&#8220;link_option_url&#8220; _module_preset=&#8220;default&#8220; custom_margin_tablet=&#8220;50px||||false|false&#8220; custom_margin_phone=&#8220;50px||||false|false&#8220; custom_margin_last_edited=&#8220;on|desktop&#8220; link_option_url=&#8220;@ET-DC@eyJkeW5hbWljIjp0cnVlLCJjb250ZW50IjoicG9zdF9saW5rX3VybF9wYWdlIiwic2V0dGluZ3MiOnsicG9zdF9pZCI6IjE4MSJ9fQ==@&#8220; global_colors_info=&#8220;{}&#8220;]<\/p>\n<h1><b>Ginecologia e ostetricia<\/b><\/h1>\n<p>[\/et_pb_text][et_pb_text _builder_version=&#8220;4.23.1&#8243; _module_preset=&#8220;default&#8220; custom_margin_tablet=&#8220;||100px||false|false&#8220; custom_margin_phone=&#8220;||100px||false|false&#8220; custom_margin_last_edited=&#8220;on|desktop&#8220; global_colors_info=&#8220;{}&#8220;]<\/p>\n<p>Il nostro campo di ginecologia e ostetricia \u00e8 sinonimo di assistenza completa ed empatica per le donne in tutte le fasi della loro vita. La dott.ssa Thalmann Verena<span class=\"Apple-converted-space\"> <\/span>e la dott.ssa<span class=\"Apple-converted-space\"> <\/span>Neuner Valentina offrono l\u2019intera gamma di trattamenti ed consulenze nell\u2019area ambulatoriale della salute femminile, in un ambiente<span class=\"Apple-converted-space\">\u00a0<\/span>di fiducia e benessere.<\/p>\n<p>[\/et_pb_text][\/et_pb_column][et_pb_column type=&#8220;1_3&#8243; _builder_version=&#8220;4.23.1&#8243; _module_preset=&#8220;default&#8220; global_colors_info=&#8220;{}&#8220;][et_pb_text _builder_version=&#8220;4.23.1&#8243; _dynamic_attributes=&#8220;link_option_url&#8220; _module_preset=&#8220;default&#8220; custom_margin=&#8220;||||false|false&#8220; link_option_url=&#8220;@ET-DC@eyJkeW5hbWljIjp0cnVlLCJjb250ZW50IjoicG9zdF9saW5rX3VybF9wYWdlIiwic2V0dGluZ3MiOnsicG9zdF9pZCI6IjE3NCJ9fQ==@&#8220; global_colors_info=&#8220;{}&#8220;]<\/p>\n<h1><strong>Health<\/strong><\/h1>\n<p>[\/et_pb_text][et_pb_text _builder_version=&#8220;4.23.1&#8243; _module_preset=&#8220;default&#8220; global_colors_info=&#8220;{}&#8220;]<\/p>\n<p>Nel campo della salute, combiniamo la medicina convenzionale e la medicina complementare per un&#8217;assistenza olistica ai pazienti. <span>La dottoressa Elisabeth Fulterer, esperta in pediatria e agopuntura, insieme a Matthias Unterkircher, consulente nutrizionale, offrono terapie su misura<\/span>\u00a0per sostenere la vostra salute in modo olistico e individuale.<\/p>\n<p><span style=\"font-weight: 400;\"><\/span><\/p>\n<p>[\/et_pb_text][\/et_pb_column][\/et_pb_row][et_pb_row _builder_version=&#8220;4.23.1&#8243; _module_preset=&#8220;default&#8220; custom_margin=&#8220;||100px||false|false&#8220; global_colors_info=&#8220;{}&#8220;][et_pb_column type=&#8220;4_4&#8243; _builder_version=&#8220;4.23.1&#8243; _module_preset=&#8220;default&#8220; global_colors_info=&#8220;{}&#8220;][et_pb_button button_url=&#8220;@ET-DC@eyJkeW5hbWljIjp0cnVlLCJjb250ZW50IjoicG9zdF9saW5rX3VybF9wYWdlIiwic2V0dGluZ3MiOnsicG9zdF9pZCI6IjcwIn19@&#8220; button_text=&#8220;Vedete qui ulteriori informazioni sugli ambiti&#8220; button_alignment=&#8220;center&#8220; _builder_version=&#8220;4.23.1&#8243; _dynamic_attributes=&#8220;button_url&#8220; _module_preset=&#8220;default&#8220; custom_button=&#8220;on&#8220; button_text_color=&#8220;#FFFFFF&#8220; button_bg_color=&#8220;#f1c4af&#8220; global_colors_info=&#8220;{}&#8220; button_bg_color__hover_enabled=&#8220;off|desktop&#8220; button_bg_color__hover=&#8220;#f1c4af&#8220; button_bg_enable_color__hover=&#8220;on&#8220; button_text_color__hover_enabled=&#8220;off|hover&#8220; button_text_color__hover=&#8220;#FFFFFF&#8220;][\/et_pb_button][\/et_pb_column][\/et_pb_row][\/et_pb_section]<\/p>\n","protected":false},"excerpt":{"rendered":"<p>Investite nella vostra salute con noi, perch\u00e9 non c&#8217;\u00e8 niente di pi\u00f9 importante. &nbsp; Siamo felici di dedicare il nostro tempo e le nostre\u00a0 competenze per aiutarVi\u00a0 ed accontentare le Vostre esigenze individuali di salute. Il nostro obiettivo non \u00e8 solo quello di curare i Vostri sintomi, ma anche di identificarne la causa e di [&hellip;]<\/p>\n","protected":false},"author":2,"featured_media":0,"parent":0,"menu_order":0,"comment_status":"closed","ping_status":"closed","template":"","meta":{"_et_pb_use_builder":"on","_et_pb_old_content":"","_et_gb_content_width":"","footnotes":""},"class_list":["post-1461","page","type-page","status-publish","hentry"],"yoast_head":"<!-- This site is optimized with the Yoast SEO plugin v25.4 - https:\/\/yoast.com\/wordpress\/plugins\/seo\/ -->\n<title>Home - Praxis Milland<\/title>\n<meta name=\"robots\" content=\"index, follow, max-snippet:-1, max-image-preview:large, max-video-preview:-1\" \/>\n<link rel=\"canonical\" href=\"https:\/\/praxis-milland.com\/?page_id=1461\" \/>\n<meta property=\"og:locale\" content=\"de_DE\" \/>\n<meta property=\"og:type\" content=\"article\" \/>\n<meta property=\"og:title\" content=\"Home - Praxis Milland\" \/>\n<meta property=\"og:description\" content=\"Investite nella vostra salute con noi, perch\u00e9 non c&#039;\u00e8 niente di pi\u00f9 importante. &nbsp; Siamo felici di dedicare il nostro tempo e le nostre\u00a0 competenze per aiutarVi\u00a0 ed accontentare le Vostre esigenze individuali di salute. Il nostro obiettivo non \u00e8 solo quello di curare i Vostri sintomi, ma anche di identificarne la causa e di [&hellip;]\" \/>\n<meta property=\"og:url\" content=\"https:\/\/praxis-milland.com\/?page_id=1461&amp;lang=it\" \/>\n<meta property=\"og:site_name\" content=\"Praxis Milland\" \/>\n<meta property=\"article:modified_time\" content=\"2025-01-22T14:19:56+00:00\" \/>\n<meta name=\"twitter:card\" content=\"summary_large_image\" \/>\n<meta name=\"twitter:label1\" content=\"Gesch\u00e4tzte Lesezeit\" \/>\n\t<meta name=\"twitter:data1\" content=\"2\u00a0Minuten\" \/>\n<script type=\"application\/ld+json\" class=\"yoast-schema-graph\">{\"@context\":\"https:\/\/schema.org\",\"@graph\":[{\"@type\":\"WebPage\",\"@id\":\"https:\/\/praxis-milland.com\/?page_id=1461&lang=it\",\"url\":\"https:\/\/praxis-milland.com\/?page_id=1461&lang=it\",\"name\":\"Home - Praxis Milland\",\"isPartOf\":{\"@id\":\"https:\/\/praxis-milland.com\/#website\"},\"datePublished\":\"2015-11-23T10:22:37+00:00\",\"dateModified\":\"2025-01-22T14:19:56+00:00\",\"breadcrumb\":{\"@id\":\"https:\/\/praxis-milland.com\/?page_id=1461&lang=it#breadcrumb\"},\"inLanguage\":\"de\",\"potentialAction\":[{\"@type\":\"ReadAction\",\"target\":[\"https:\/\/praxis-milland.com\/?page_id=1461&lang=it\"]}]},{\"@type\":\"BreadcrumbList\",\"@id\":\"https:\/\/praxis-milland.com\/?page_id=1461&lang=it#breadcrumb\",\"itemListElement\":[{\"@type\":\"ListItem\",\"position\":1,\"name\":\"Home\",\"item\":\"https:\/\/praxis-milland.com\/\"},{\"@type\":\"ListItem\",\"position\":2,\"name\":\"Home\"}]},{\"@type\":\"WebSite\",\"@id\":\"https:\/\/praxis-milland.com\/#website\",\"url\":\"https:\/\/praxis-milland.com\/\",\"name\":\"Praxis Milland\",\"description\":\"Physio Gyn Health\",\"potentialAction\":[{\"@type\":\"SearchAction\",\"target\":{\"@type\":\"EntryPoint\",\"urlTemplate\":\"https:\/\/praxis-milland.com\/?s={search_term_string}\"},\"query-input\":{\"@type\":\"PropertyValueSpecification\",\"valueRequired\":true,\"valueName\":\"search_term_string\"}}],\"inLanguage\":\"de\"}]}<\/script>\n<!-- \/ Yoast SEO plugin. -->","yoast_head_json":{"title":"Home - Praxis Milland","robots":{"index":"index","follow":"follow","max-snippet":"max-snippet:-1","max-image-preview":"max-image-preview:large","max-video-preview":"max-video-preview:-1"},"canonical":"https:\/\/praxis-milland.com\/?page_id=1461","og_locale":"de_DE","og_type":"article","og_title":"Home - Praxis Milland","og_description":"Investite nella vostra salute con noi, perch\u00e9 non c'\u00e8 niente di pi\u00f9 importante. &nbsp; Siamo felici di dedicare il nostro tempo e le nostre\u00a0 competenze per aiutarVi\u00a0 ed accontentare le Vostre esigenze individuali di salute. Il nostro obiettivo non \u00e8 solo quello di curare i Vostri sintomi, ma anche di identificarne la causa e di [&hellip;]","og_url":"https:\/\/praxis-milland.com\/?page_id=1461&lang=it","og_site_name":"Praxis Milland","article_modified_time":"2025-01-22T14:19:56+00:00","twitter_card":"summary_large_image","twitter_misc":{"Gesch\u00e4tzte Lesezeit":"2\u00a0Minuten"},"schema":{"@context":"https:\/\/schema.org","@graph":[{"@type":"WebPage","@id":"https:\/\/praxis-milland.com\/?page_id=1461&lang=it","url":"https:\/\/praxis-milland.com\/?page_id=1461&lang=it","name":"Home - Praxis Milland","isPartOf":{"@id":"https:\/\/praxis-milland.com\/#website"},"datePublished":"2015-11-23T10:22:37+00:00","dateModified":"2025-01-22T14:19:56+00:00","breadcrumb":{"@id":"https:\/\/praxis-milland.com\/?page_id=1461&lang=it#breadcrumb"},"inLanguage":"de","potentialAction":[{"@type":"ReadAction","target":["https:\/\/praxis-milland.com\/?page_id=1461&lang=it"]}]},{"@type":"BreadcrumbList","@id":"https:\/\/praxis-milland.com\/?page_id=1461&lang=it#breadcrumb","itemListElement":[{"@type":"ListItem","position":1,"name":"Home","item":"https:\/\/praxis-milland.com\/"},{"@type":"ListItem","position":2,"name":"Home"}]},{"@type":"WebSite","@id":"https:\/\/praxis-milland.com\/#website","url":"https:\/\/praxis-milland.com\/","name":"Praxis Milland","description":"Physio Gyn Health","potentialAction":[{"@type":"SearchAction","target":{"@type":"EntryPoint","urlTemplate":"https:\/\/praxis-milland.com\/?s={search_term_string}"},"query-input":{"@type":"PropertyValueSpecification","valueRequired":true,"valueName":"search_term_string"}}],"inLanguage":"de"}]}},"_links":{"self":[{"href":"https:\/\/praxis-milland.com\/index.php?rest_route=\/wp\/v2\/pages\/1461","targetHints":{"allow":["GET"]}}],"collection":[{"href":"https:\/\/praxis-milland.com\/index.php?rest_route=\/wp\/v2\/pages"}],"about":[{"href":"https:\/\/praxis-milland.com\/index.php?rest_route=\/wp\/v2\/types\/page"}],"author":[{"embeddable":true,"href":"https:\/\/praxis-milland.com\/index.php?rest_route=\/wp\/v2\/users\/2"}],"replies":[{"embeddable":true,"href":"https:\/\/praxis-milland.com\/index.php?rest_route=%2Fwp%2Fv2%2Fcomments&post=1461"}],"version-history":[{"count":14,"href":"https:\/\/praxis-milland.com\/index.php?rest_route=\/wp\/v2\/pages\/1461\/revisions"}],"predecessor-version":[{"id":1746,"href":"https:\/\/praxis-milland.com\/index.php?rest_route=\/wp\/v2\/pages\/1461\/revisions\/1746"}],"wp:attachment":[{"href":"https:\/\/praxis-milland.com\/index.php?rest_route=%2Fwp%2Fv2%2Fmedia&parent=1461"}],"curies":[{"name":"wp","href":"https:\/\/api.w.org\/{rel}","templated":true}]}}