{"id":174,"date":"2017-11-24T08:31:49","date_gmt":"2017-11-24T08:31:49","guid":{"rendered":"https:\/\/praxis-milland.com\/?page_id=174"},"modified":"2024-02-15T10:53:44","modified_gmt":"2024-02-15T10:53:44","slug":"health","status":"publish","type":"page","link":"https:\/\/praxis-milland.com\/?page_id=174","title":{"rendered":"Health"},"content":{"rendered":"<p>[et_pb_section fb_built=&#8220;1&#8243; _builder_version=&#8220;4.23.1&#8243; _module_preset=&#8220;default&#8220; background_color=&#8220;#f8f3ee&#8220; custom_margin=&#8220;||||false|false&#8220; custom_padding=&#8220;0px||0px||false|false&#8220; global_colors_info=&#8220;{}&#8220;][et_pb_row _builder_version=&#8220;4.23.1&#8243; _module_preset=&#8220;default&#8220; background_color=&#8220;#ffffff&#8220; width=&#8220;100%&#8220; max_width=&#8220;2600px&#8220; custom_margin=&#8220;||||false|false&#8220; global_colors_info=&#8220;{}&#8220;][et_pb_column type=&#8220;4_4&#8243; _builder_version=&#8220;4.23.1&#8243; _module_preset=&#8220;default&#8220; global_colors_info=&#8220;{}&#8220;][et_pb_image src=&#8220;https:\/\/praxis-milland.com\/wp-content\/uploads\/2023\/11\/Logo-Bereiche-1.png&#8220; title_text=&#8220;Logo-Bereiche&#8220; url=&#8220;@ET-DC@eyJkeW5hbWljIjp0cnVlLCJjb250ZW50IjoicG9zdF9saW5rX3VybF9wYWdlIiwic2V0dGluZ3MiOnsicG9zdF9pZCI6IjEwNiJ9fQ==@&#8220; align=&#8220;center&#8220; _builder_version=&#8220;4.23.1&#8243; _dynamic_attributes=&#8220;url&#8220; _module_preset=&#8220;default&#8220; module_alignment=&#8220;center&#8220; max_height=&#8220;100px&#8220; custom_margin=&#8220;25px||25px||false|false&#8220; global_colors_info=&#8220;{}&#8220;][\/et_pb_image][\/et_pb_column][\/et_pb_row][et_pb_row _builder_version=&#8220;4.23.1&#8243; _module_preset=&#8220;default&#8220; width=&#8220;100%&#8220; max_width=&#8220;1920px&#8220; custom_margin=&#8220;||0px||false|false&#8220; custom_margin_tablet=&#8220;-50px||||false|false&#8220; custom_margin_phone=&#8220;-50px||0px||false|false&#8220; custom_margin_last_edited=&#8220;on|desktop&#8220; global_colors_info=&#8220;{}&#8220;][et_pb_column type=&#8220;4_4&#8243; _builder_version=&#8220;4.23.1&#8243; _module_preset=&#8220;default&#8220; global_colors_info=&#8220;{}&#8220;][et_pb_image src=&#8220;https:\/\/praxis-milland.com\/wp-content\/uploads\/2024\/01\/Health-1.png&#8220; title_text=&#8220;Health&#8220; _builder_version=&#8220;4.23.1&#8243; _module_preset=&#8220;default&#8220; global_colors_info=&#8220;{}&#8220;][\/et_pb_image][\/et_pb_column][\/et_pb_row][et_pb_row column_structure=&#8220;2_3,1_3&#8243; _builder_version=&#8220;4.23.1&#8243; _module_preset=&#8220;default&#8220; background_color=&#8220;#f8f3ee&#8220; width=&#8220;100%&#8220; max_width=&#8220;1920px&#8220; custom_margin=&#8220;-50px||||false|false&#8220; custom_margin_tablet=&#8220;0px||||false|false&#8220; custom_margin_phone=&#8220;0px||||false|false&#8220; custom_margin_last_edited=&#8220;off|desktop&#8220; custom_padding=&#8220;100px||||false|false&#8220; border_color_bottom=&#8220;#000000&#8243; global_colors_info=&#8220;{}&#8220;][et_pb_column type=&#8220;2_3&#8243; _builder_version=&#8220;4.23.1&#8243; _module_preset=&#8220;default&#8220; global_colors_info=&#8220;{}&#8220;][et_pb_text content_tablet=&#8220;<\/p>\n<p style=%22text-align: center;%22>Your content goes here. Edit or remove this text inline or in the module Content settings. You can also style every aspect of this content in the module Design settings and even apply custom CSS to this text in the module Advanced settings.<\/p>\n<p>&#8220; content_phone=&#8220;<\/p>\n<p style=%22text-align: left;%22>Your content goes here. Edit or remove this text inline or in the module Content settings. You can also style every aspect of this content in the module Design settings and even apply custom CSS to this text in the module Advanced settings.<\/p>\n<p>&#8220; content_last_edited=&#8220;off|phone&#8220; _builder_version=&#8220;4.23.1&#8243; _module_preset=&#8220;default&#8220; background_color=&#8220;#f8f3ee&#8220; width=&#8220;70%&#8220; width_tablet=&#8220;80%&#8220; width_phone=&#8220;79%&#8220; width_last_edited=&#8220;on|desktop&#8220; module_alignment=&#8220;center&#8220; custom_margin=&#8220;||30px||false|false&#8220; custom_margin_last_edited=&#8220;off|desktop&#8220; border_radii=&#8220;on|20px|20px|20px|20px&#8220; border_width_all=&#8220;20px&#8220; border_color_all=&#8220;#f8f3ee&#8220; global_colors_info=&#8220;{}&#8220;]<\/p>\n<p><b>Kinder-und Jugendheilkunde, Ohr-und K\u00f6rper-Akupunktur, Aurikulomedizin<\/b><span style=\"font-weight: 400;\">: Umfassende medizinische Betreuung durch Entwicklungsbeurteilung und individualisierte Vorbeugung, Beratung und Therapie f\u00fcr eine gesunde und entspannte Entwicklung \u00a0von Kindern und Jugendlichen mit ihren Familien.<br \/>Bereichert wird mein Angebot f\u00fcr alle Altersstufen durch Akupunktur (gerne schmerzfrei durch Magnete oder Kinderakupunktur ) und Empfehlungen laut TCM (Traditioneller Chinesischer Medizin) und aus der Mikrobiota Medizin.<\/span><\/p>\n<p><span style=\"font-weight: 400; color: #aeb4dd;\"><span style=\"font-weight: 400;\">Fach\u00e4rztin<\/span>: <span style=\"color: #333333;\"><a href=\"https:\/\/praxis-milland.com\/?page_id=261\" style=\"font-weight: 400;\">Dr. in Elisabeth Fulterer<\/a><\/span><\/span><\/p>\n<p>[\/et_pb_text][et_pb_divider _builder_version=&#8220;4.23.1&#8243; _module_preset=&#8220;default&#8220; width=&#8220;65%&#8220; module_alignment=&#8220;center&#8220; global_colors_info=&#8220;{}&#8220;][\/et_pb_divider][et_pb_text content_tablet=&#8220;<\/p>\n<p style=%22text-align: center;%22>Your content goes here. Edit or remove this text inline or in the module Content settings. You can also style every aspect of this content in the module Design settings and even apply custom CSS to this text in the module Advanced settings.<\/p>\n<p>&#8220; content_phone=&#8220;<\/p>\n<p style=%22text-align: left;%22>Your content goes here. Edit or remove this text inline or in the module Content settings. You can also style every aspect of this content in the module Design settings and even apply custom CSS to this text in the module Advanced settings.<\/p>\n<p>&#8220; content_last_edited=&#8220;off|phone&#8220; _builder_version=&#8220;4.23.1&#8243; _module_preset=&#8220;default&#8220; background_color=&#8220;#f8f3ee&#8220; width=&#8220;70%&#8220; width_tablet=&#8220;80%&#8220; width_phone=&#8220;79%&#8220; width_last_edited=&#8220;on|desktop&#8220; module_alignment=&#8220;center&#8220; custom_margin=&#8220;||||false|false&#8220; custom_margin_last_edited=&#8220;off|desktop&#8220; custom_padding=&#8220;||0px|||&#8220; border_radii=&#8220;on|20px|20px|20px|20px&#8220; border_width_all=&#8220;20px&#8220; border_color_all=&#8220;#f8f3ee&#8220; global_colors_info=&#8220;{}&#8220;]<\/p>\n<p><b>Ern\u00e4hrungsberatung<\/b><span style=\"font-weight: 400;\">: Personalisierte Beratung zur F\u00f6rderung einer gesunden Ern\u00e4hrung, basierend auf individuellen Bed\u00fcrfnissen und Lebensstilen.<\/span><\/p>\n<p><span style=\"font-weight: 400; color: #aeb4dd;\"><span style=\"font-weight: 400;\">Berater<\/span>: <a href=\"https:\/\/praxis-milland.com\/?page_id=283\"><span style=\"font-weight: 400; <span style=\"font-weight: 400;\">Matthias Unterkircher<\/span><\/span><\/a><\/span><\/p>\n<p>[\/et_pb_text][et_pb_divider _builder_version=&#8220;4.23.1&#8243; _module_preset=&#8220;default&#8220; width=&#8220;65%&#8220; module_alignment=&#8220;center&#8220; global_colors_info=&#8220;{}&#8220;][\/et_pb_divider][et_pb_text content_tablet=&#8220;<\/p>\n<p style=%22text-align: center;%22>Your content goes here. Edit or remove this text inline or in the module Content settings. You can also style every aspect of this content in the module Design settings and even apply custom CSS to this text in the module Advanced settings.<\/p>\n<p>&#8220; content_phone=&#8220;<\/p>\n<p style=%22text-align: left;%22>Your content goes here. Edit or remove this text inline or in the module Content settings. You can also style every aspect of this content in the module Design settings and even apply custom CSS to this text in the module Advanced settings.<\/p>\n<p>&#8220; content_last_edited=&#8220;off|phone&#8220; _builder_version=&#8220;4.23.1&#8243; _module_preset=&#8220;default&#8220; background_color=&#8220;#f8f3ee&#8220; width=&#8220;70%&#8220; width_tablet=&#8220;80%&#8220; width_phone=&#8220;79%&#8220; width_last_edited=&#8220;on|desktop&#8220; module_alignment=&#8220;center&#8220; custom_margin=&#8220;||||false|false&#8220; custom_margin_last_edited=&#8220;off|desktop&#8220; custom_padding=&#8220;||0px|||&#8220; border_radii=&#8220;on|20px|20px|20px|20px&#8220; border_width_all=&#8220;20px&#8220; border_color_all=&#8220;#f8f3ee&#8220; global_colors_info=&#8220;{}&#8220;]<\/p>\n<p><b>Beckenbodengruppe<\/b><span style=\"font-weight: 400;\">: Anna Tolpeit leitet BEBO Gruppen an: entweder kurz nach der Entbindung oder bei Senkungen und Inkontinenzproblemen.<\/span><\/p>\n<p><em>Dieses Angebot wird in 10er Blocks angeleitet.<\/em><\/p>\n<p><span style=\"font-weight: 400; color: #aeb4dd;\"><span style=\"font-weight: 400;\">Berater<\/span>: <a href=\"https:\/\/praxis-milland.com\/?page_id=254\"><span style=\"font-weight: 400;\"><span style=\";\">Anna Tolpeit<\/span><\/span><\/a><\/span><\/p>\n<p>[\/et_pb_text][et_pb_divider _builder_version=&#8220;4.23.1&#8243; _module_preset=&#8220;default&#8220; width=&#8220;65%&#8220; module_alignment=&#8220;center&#8220; global_colors_info=&#8220;{}&#8220;][\/et_pb_divider][et_pb_text content_tablet=&#8220;<\/p>\n<p style=%22text-align: center;%22>Your content goes here. Edit or remove this text inline or in the module Content settings. You can also style every aspect of this content in the module Design settings and even apply custom CSS to this text in the module Advanced settings.<\/p>\n<p>&#8220; content_phone=&#8220;<\/p>\n<p style=%22text-align: left;%22>Your content goes here. Edit or remove this text inline or in the module Content settings. You can also style every aspect of this content in the module Design settings and even apply custom CSS to this text in the module Advanced settings.<\/p>\n<p>&#8220; content_last_edited=&#8220;off|phone&#8220; _builder_version=&#8220;4.23.1&#8243; _module_preset=&#8220;default&#8220; background_color=&#8220;#f8f3ee&#8220; width=&#8220;70%&#8220; width_tablet=&#8220;80%&#8220; width_phone=&#8220;79%&#8220; width_last_edited=&#8220;on|desktop&#8220; module_alignment=&#8220;center&#8220; custom_margin=&#8220;||||false|false&#8220; custom_margin_last_edited=&#8220;off|desktop&#8220; custom_padding=&#8220;||0px|||&#8220; border_radii=&#8220;on|20px|20px|20px|20px&#8220; border_width_all=&#8220;20px&#8220; border_color_all=&#8220;#f8f3ee&#8220; global_colors_info=&#8220;{}&#8220;]<\/p>\n<h6><b>Bewgungsangebote<\/b><span style=\"font-weight: 400; color: #aeb4dd;\"><a href=\"https:\/\/praxis-milland.com\/?page_id=218\"><span style=\"font-weight: 400;\"><span style=\"color: #000000;\"><\/span><\/span><\/a><\/span><\/h6>\n<p>[\/et_pb_text][et_pb_text content_tablet=&#8220;<\/p>\n<p style=%22text-align: center;%22>Your content goes here. Edit or remove this text inline or in the module Content settings. You can also style every aspect of this content in the module Design settings and even apply custom CSS to this text in the module Advanced settings.<\/p>\n<p>&#8220; content_phone=&#8220;<\/p>\n<p style=%22text-align: left;%22>Your content goes here. Edit or remove this text inline or in the module Content settings. You can also style every aspect of this content in the module Design settings and even apply custom CSS to this text in the module Advanced settings.<\/p>\n<p>&#8220; content_last_edited=&#8220;off|phone&#8220; _builder_version=&#8220;4.23.1&#8243; _module_preset=&#8220;default&#8220; background_color=&#8220;#f8f3ee&#8220; width=&#8220;70%&#8220; width_tablet=&#8220;80%&#8220; width_phone=&#8220;79%&#8220; width_last_edited=&#8220;on|desktop&#8220; module_alignment=&#8220;center&#8220; custom_margin=&#8220;||||false|false&#8220; custom_margin_last_edited=&#8220;off|desktop&#8220; custom_padding=&#8220;||0px|||&#8220; border_radii=&#8220;on|20px|20px|20px|20px&#8220; border_width_all=&#8220;20px&#8220; border_color_all=&#8220;#f8f3ee&#8220; global_colors_info=&#8220;{}&#8220;]<\/p>\n<p><b>Gesundheitsturnen<\/b><span style=\"font-weight: 400;\">: Lilli Unterkircher leitet seit vielen Jahren Gruppen in ganzheitlichen Bewegungsmodus a\u0144: Kraft, Ausdauer, Mobilit\u00e4t, Atmung und Entspannung f\u00fcr alle Altersgruppen.<\/span><\/p>\n<p><em>F\u00fcr dieses Angebot gibt es Punktekarten: kein Punkt geht verloren: jedesmal wenn du kommst, wird ein Punkt durchgestrichen und mit Datum versehen<\/em><\/p>\n<p><span style=\"font-weight: 400; color: #aeb4dd;\"><span style=\"font-weight: 400;\">Trainer<\/span>: <a href=\"https:\/\/praxis-milland.com\/?page_id=218\"><span style=\"font-weight: 400;\"><span style=\"\">Lilli Unterkircher<\/span><\/span><\/a><\/span><\/p>\n<p>[\/et_pb_text][et_pb_divider _builder_version=&#8220;4.23.1&#8243; _module_preset=&#8220;default&#8220; width=&#8220;65%&#8220; module_alignment=&#8220;center&#8220; global_colors_info=&#8220;{}&#8220;][\/et_pb_divider][et_pb_text content_tablet=&#8220;<\/p>\n<p style=%22text-align: center;%22>Your content goes here. Edit or remove this text inline or in the module Content settings. You can also style every aspect of this content in the module Design settings and even apply custom CSS to this text in the module Advanced settings.<\/p>\n<p>&#8220; content_phone=&#8220;<\/p>\n<p style=%22text-align: left;%22>Your content goes here. Edit or remove this text inline or in the module Content settings. You can also style every aspect of this content in the module Design settings and even apply custom CSS to this text in the module Advanced settings.<\/p>\n<p>&#8220; content_last_edited=&#8220;off|phone&#8220; _builder_version=&#8220;4.23.1&#8243; _module_preset=&#8220;default&#8220; background_color=&#8220;#f8f3ee&#8220; width=&#8220;70%&#8220; width_tablet=&#8220;80%&#8220; width_phone=&#8220;79%&#8220; width_last_edited=&#8220;on|desktop&#8220; module_alignment=&#8220;center&#8220; custom_margin=&#8220;||||false|false&#8220; custom_margin_last_edited=&#8220;off|desktop&#8220; custom_padding=&#8220;||0px|||&#8220; border_radii=&#8220;on|20px|20px|20px|20px&#8220; border_width_all=&#8220;20px&#8220; border_color_all=&#8220;#f8f3ee&#8220; global_colors_info=&#8220;{}&#8220;]<\/p>\n<p><b>Golden ladies<\/b><span style=\"font-weight: 400;\">: die Gruppen f\u00fcr unsere Gro\u00dfen sind extra klein: max 5-6 Personen, denn mit vorangeschrittenem Alter sind die auftretenden Probleme meist vielf\u00e4ltig: die Schwerpunkte liegen im Gleichgewicht, dem Erhalt der Mobilit\u00e4t, aber auch Kraft, Atmung und Koordination sind ein wichtiger Teil der Turneinheit.<\/span><\/p>\n<p><em>F\u00fcr dieses Angebot gibt es Punktekarten: kein Punkt geht verloren: jedesmal wenn du kommst, wird ein Punkt durchgestrichen und mit Datum versehen<\/em><\/p>\n<p><span style=\"font-weight: 400; color: #aeb4dd;\"><span style=\"font-weight: 400;\">Trainer<\/span>: <a href=\"https:\/\/praxis-milland.com\/?page_id=218\"><span style=\"font-weight: 400;\"><span style=\"\">Lilli Unterkircher<\/span><\/span><\/a><\/span><\/p>\n<p>[\/et_pb_text][et_pb_divider _builder_version=&#8220;4.23.1&#8243; _module_preset=&#8220;default&#8220; width=&#8220;65%&#8220; module_alignment=&#8220;center&#8220; global_colors_info=&#8220;{}&#8220;][\/et_pb_divider][et_pb_text content_tablet=&#8220;<\/p>\n<p style=%22text-align: center;%22>Your content goes here. Edit or remove this text inline or in the module Content settings. You can also style every aspect of this content in the module Design settings and even apply custom CSS to this text in the module Advanced settings.<\/p>\n<p>&#8220; content_phone=&#8220;<\/p>\n<p style=%22text-align: left;%22>Your content goes here. Edit or remove this text inline or in the module Content settings. You can also style every aspect of this content in the module Design settings and even apply custom CSS to this text in the module Advanced settings.<\/p>\n<p>&#8220; content_last_edited=&#8220;off|phone&#8220; _builder_version=&#8220;4.23.1&#8243; _module_preset=&#8220;default&#8220; background_color=&#8220;#f8f3ee&#8220; width=&#8220;70%&#8220; width_tablet=&#8220;80%&#8220; width_phone=&#8220;79%&#8220; width_last_edited=&#8220;on|desktop&#8220; module_alignment=&#8220;center&#8220; custom_margin=&#8220;||||false|false&#8220; custom_margin_last_edited=&#8220;off|desktop&#8220; custom_padding=&#8220;||0px|||&#8220; border_radii=&#8220;on|20px|20px|20px|20px&#8220; border_width_all=&#8220;20px&#8220; border_color_all=&#8220;#f8f3ee&#8220; global_colors_info=&#8220;{}&#8220;]<\/p>\n<p><b>BODYART<\/b><span style=\"font-weight: 400;\">: ganzheitliches Fitnessangebot, welches Mobilit\u00e4t, Ausdauer, Kraft, Koordination, Dehnung und bodymindcentering in sich vereint; dieses Training lehnt sich an Pilates, Yoga, ChiGong und Physiotherapie an um dir ein gesundes Allroundtraining zu bieten. Geeignet f\u00fcr alle, die die Herausforderung suchen und ihre Mobilit\u00e4t, Kraft und Haltung unter geschultem Blick\u00a0verbessern wollen. Fantastisch auch um f\u00fcr jede andere Sportart einen Ausgleich zu schaffen. BODYART verpflichtet alle Instructoren j\u00e4hrlich mindestens eine Fortbildung zu besuchen um die Qualit\u00e4t des Angebotes nicht zu verlieren.<br \/><\/span><\/p>\n<p><span style=\"font-weight: 400; color: #aeb4dd;\"><span style=\"font-weight: 400;\">Trainer<\/span>: <a href=\"https:\/\/praxis-milland.com\/?page_id=218\"><span style=\"font-weight: 400;\"><span style=\"\">Lilli Unterkircher<\/span><\/span><\/a><\/span><\/p>\n<p>[\/et_pb_text][et_pb_button button_url=&#8220;@ET-DC@eyJkeW5hbWljIjp0cnVlLCJjb250ZW50IjoicG9zdF9saW5rX3VybF9wYWdlIiwic2V0dGluZ3MiOnsicG9zdF9pZCI6IjcwIn19@&#8220; button_text=&#8220;Zu den Bereichen&#8220; button_alignment=&#8220;center&#8220; _builder_version=&#8220;4.23.1&#8243; _dynamic_attributes=&#8220;button_url&#8220; _module_preset=&#8220;default&#8220; custom_button=&#8220;on&#8220; button_text_color=&#8220;#FFFFFF&#8220; button_bg_color=&#8220;#f1c4af&#8220; button_border_color=&#8220;RGBA(255,255,255,0)&#8220; button_icon=&#8220;&#x34;||divi||400&#8243; button_icon_placement=&#8220;left&#8220; custom_margin=&#8220;100px||50px||false|false&#8220; button_bg_color_last_edited=&#8220;off|desktop&#8220; global_colors_info=&#8220;{}&#8220; button_text_color__hover_enabled=&#8220;off|desktop&#8220; button_text_color__hover=&#8220;#FFFFFF&#8220; button_bg_color__hover_enabled=&#8220;off|desktop&#8220; button_bg_color__hover=&#8220;#f1c4af&#8220; button_bg_enable_color__hover=&#8220;on&#8220; button_border_color__hover_enabled=&#8220;on|hover&#8220; button_border_color__hover=&#8220;#f1c4af&#8220;][\/et_pb_button][\/et_pb_column][et_pb_column type=&#8220;1_3&#8243; _builder_version=&#8220;4.23.1&#8243; _module_preset=&#8220;default&#8220; global_colors_info=&#8220;{}&#8220;][\/et_pb_column][\/et_pb_row][\/et_pb_section]<\/p>\n","protected":false},"excerpt":{"rendered":"<p>Kinder-und Jugendheilkunde, Ohr-und K\u00f6rper-Akupunktur, Aurikulomedizin: Umfassende medizinische Betreuung durch Entwicklungsbeurteilung und individualisierte Vorbeugung, Beratung und Therapie f\u00fcr eine gesunde und entspannte Entwicklung \u00a0von Kindern und Jugendlichen mit ihren Familien.Bereichert wird mein Angebot f\u00fcr alle Altersstufen durch Akupunktur (gerne schmerzfrei durch Magnete oder Kinderakupunktur ) und Empfehlungen laut TCM (Traditioneller Chinesischer Medizin) und aus der Mikrobiota [&hellip;]<\/p>\n","protected":false},"author":2,"featured_media":0,"parent":70,"menu_order":0,"comment_status":"closed","ping_status":"closed","template":"","meta":{"_et_pb_use_builder":"on","_et_pb_old_content":"","_et_gb_content_width":"","footnotes":""},"class_list":["post-174","page","type-page","status-publish","hentry"],"yoast_head":"<!-- This site is optimized with the Yoast SEO plugin v25.4 - https:\/\/yoast.com\/wordpress\/plugins\/seo\/ -->\n<title>Health - Praxis Milland<\/title>\n<meta name=\"description\" content=\"Wir bieten ganzheitliche Gesundheitsbetreuung mit individuellen L\u00f6sungen, kombinierend Schul- und Komplement\u00e4rmedizin.\" \/>\n<meta name=\"robots\" content=\"index, follow, max-snippet:-1, max-image-preview:large, max-video-preview:-1\" \/>\n<link rel=\"canonical\" href=\"https:\/\/praxis-milland.com\/?page_id=174\" \/>\n<meta property=\"og:locale\" content=\"de_DE\" \/>\n<meta property=\"og:type\" content=\"article\" \/>\n<meta property=\"og:title\" content=\"Health - Praxis Milland\" \/>\n<meta property=\"og:description\" content=\"Wir bieten ganzheitliche Gesundheitsbetreuung mit individuellen L\u00f6sungen, kombinierend Schul- und Komplement\u00e4rmedizin.\" \/>\n<meta property=\"og:url\" content=\"https:\/\/praxis-milland.com\/?page_id=174\" \/>\n<meta property=\"og:site_name\" content=\"Praxis Milland\" \/>\n<meta property=\"article:modified_time\" content=\"2024-02-15T10:53:44+00:00\" \/>\n<meta name=\"twitter:card\" content=\"summary_large_image\" \/>\n<meta name=\"twitter:label1\" content=\"Gesch\u00e4tzte Lesezeit\" \/>\n\t<meta name=\"twitter:data1\" content=\"2\u00a0Minuten\" \/>\n<script type=\"application\/ld+json\" class=\"yoast-schema-graph\">{\"@context\":\"https:\/\/schema.org\",\"@graph\":[{\"@type\":\"WebPage\",\"@id\":\"https:\/\/praxis-milland.com\/?page_id=174\",\"url\":\"https:\/\/praxis-milland.com\/?page_id=174\",\"name\":\"Health - Praxis Milland\",\"isPartOf\":{\"@id\":\"https:\/\/praxis-milland.com\/#website\"},\"datePublished\":\"2017-11-24T08:31:49+00:00\",\"dateModified\":\"2024-02-15T10:53:44+00:00\",\"description\":\"Wir bieten ganzheitliche Gesundheitsbetreuung mit individuellen L\u00f6sungen, kombinierend Schul- und Komplement\u00e4rmedizin.\",\"breadcrumb\":{\"@id\":\"https:\/\/praxis-milland.com\/?page_id=174#breadcrumb\"},\"inLanguage\":\"de\",\"potentialAction\":[{\"@type\":\"ReadAction\",\"target\":[\"https:\/\/praxis-milland.com\/?page_id=174\"]}]},{\"@type\":\"BreadcrumbList\",\"@id\":\"https:\/\/praxis-milland.com\/?page_id=174#breadcrumb\",\"itemListElement\":[{\"@type\":\"ListItem\",\"position\":1,\"name\":\"Home\",\"item\":\"https:\/\/praxis-milland.com\/\"},{\"@type\":\"ListItem\",\"position\":2,\"name\":\"Bereiche\",\"item\":\"https:\/\/praxis-milland.com\/?page_id=70\"},{\"@type\":\"ListItem\",\"position\":3,\"name\":\"Health\"}]},{\"@type\":\"WebSite\",\"@id\":\"https:\/\/praxis-milland.com\/#website\",\"url\":\"https:\/\/praxis-milland.com\/\",\"name\":\"Praxis Milland\",\"description\":\"Physio Gyn Health\",\"potentialAction\":[{\"@type\":\"SearchAction\",\"target\":{\"@type\":\"EntryPoint\",\"urlTemplate\":\"https:\/\/praxis-milland.com\/?s={search_term_string}\"},\"query-input\":{\"@type\":\"PropertyValueSpecification\",\"valueRequired\":true,\"valueName\":\"search_term_string\"}}],\"inLanguage\":\"de\"}]}<\/script>\n<!-- \/ Yoast SEO plugin. -->","yoast_head_json":{"title":"Health - Praxis Milland","description":"Wir bieten ganzheitliche Gesundheitsbetreuung mit individuellen L\u00f6sungen, kombinierend Schul- und Komplement\u00e4rmedizin.","robots":{"index":"index","follow":"follow","max-snippet":"max-snippet:-1","max-image-preview":"max-image-preview:large","max-video-preview":"max-video-preview:-1"},"canonical":"https:\/\/praxis-milland.com\/?page_id=174","og_locale":"de_DE","og_type":"article","og_title":"Health - Praxis Milland","og_description":"Wir bieten ganzheitliche Gesundheitsbetreuung mit individuellen L\u00f6sungen, kombinierend Schul- und Komplement\u00e4rmedizin.","og_url":"https:\/\/praxis-milland.com\/?page_id=174","og_site_name":"Praxis Milland","article_modified_time":"2024-02-15T10:53:44+00:00","twitter_card":"summary_large_image","twitter_misc":{"Gesch\u00e4tzte Lesezeit":"2\u00a0Minuten"},"schema":{"@context":"https:\/\/schema.org","@graph":[{"@type":"WebPage","@id":"https:\/\/praxis-milland.com\/?page_id=174","url":"https:\/\/praxis-milland.com\/?page_id=174","name":"Health - Praxis Milland","isPartOf":{"@id":"https:\/\/praxis-milland.com\/#website"},"datePublished":"2017-11-24T08:31:49+00:00","dateModified":"2024-02-15T10:53:44+00:00","description":"Wir bieten ganzheitliche Gesundheitsbetreuung mit individuellen L\u00f6sungen, kombinierend Schul- und Komplement\u00e4rmedizin.","breadcrumb":{"@id":"https:\/\/praxis-milland.com\/?page_id=174#breadcrumb"},"inLanguage":"de","potentialAction":[{"@type":"ReadAction","target":["https:\/\/praxis-milland.com\/?page_id=174"]}]},{"@type":"BreadcrumbList","@id":"https:\/\/praxis-milland.com\/?page_id=174#breadcrumb","itemListElement":[{"@type":"ListItem","position":1,"name":"Home","item":"https:\/\/praxis-milland.com\/"},{"@type":"ListItem","position":2,"name":"Bereiche","item":"https:\/\/praxis-milland.com\/?page_id=70"},{"@type":"ListItem","position":3,"name":"Health"}]},{"@type":"WebSite","@id":"https:\/\/praxis-milland.com\/#website","url":"https:\/\/praxis-milland.com\/","name":"Praxis Milland","description":"Physio Gyn Health","potentialAction":[{"@type":"SearchAction","target":{"@type":"EntryPoint","urlTemplate":"https:\/\/praxis-milland.com\/?s={search_term_string}"},"query-input":{"@type":"PropertyValueSpecification","valueRequired":true,"valueName":"search_term_string"}}],"inLanguage":"de"}]}},"_links":{"self":[{"href":"https:\/\/praxis-milland.com\/index.php?rest_route=\/wp\/v2\/pages\/174","targetHints":{"allow":["GET"]}}],"collection":[{"href":"https:\/\/praxis-milland.com\/index.php?rest_route=\/wp\/v2\/pages"}],"about":[{"href":"https:\/\/praxis-milland.com\/index.php?rest_route=\/wp\/v2\/types\/page"}],"author":[{"embeddable":true,"href":"https:\/\/praxis-milland.com\/index.php?rest_route=\/wp\/v2\/users\/2"}],"replies":[{"embeddable":true,"href":"https:\/\/praxis-milland.com\/index.php?rest_route=%2Fwp%2Fv2%2Fcomments&post=174"}],"version-history":[{"count":34,"href":"https:\/\/praxis-milland.com\/index.php?rest_route=\/wp\/v2\/pages\/174\/revisions"}],"predecessor-version":[{"id":1698,"href":"https:\/\/praxis-milland.com\/index.php?rest_route=\/wp\/v2\/pages\/174\/revisions\/1698"}],"up":[{"embeddable":true,"href":"https:\/\/praxis-milland.com\/index.php?rest_route=\/wp\/v2\/pages\/70"}],"wp:attachment":[{"href":"https:\/\/praxis-milland.com\/index.php?rest_route=%2Fwp%2Fv2%2Fmedia&parent=174"}],"curies":[{"name":"wp","href":"https:\/\/api.w.org\/{rel}","templated":true}]}}