{"id":249,"date":"2023-11-24T10:48:07","date_gmt":"2023-11-24T10:48:07","guid":{"rendered":"https:\/\/praxis-milland.com\/?page_id=249"},"modified":"2024-01-26T10:08:52","modified_gmt":"2024-01-26T10:08:52","slug":"angelika-bacher","status":"publish","type":"page","link":"https:\/\/praxis-milland.com\/?page_id=249","title":{"rendered":"Angelika Bacher"},"content":{"rendered":"<p>[et_pb_section fb_built=&#8220;1&#8243; _builder_version=&#8220;4.23.1&#8243; _module_preset=&#8220;default&#8220; background_color=&#8220;#f8f3ee&#8220; custom_margin=&#8220;||||false|false&#8220; custom_padding=&#8220;0px||0px||false|false&#8220; global_colors_info=&#8220;{}&#8220;][et_pb_row _builder_version=&#8220;4.23.1&#8243; _module_preset=&#8220;default&#8220; background_color=&#8220;#FFFFFF&#8220; width=&#8220;100%&#8220; max_width=&#8220;2600px&#8220; custom_margin=&#8220;30px||||false|false&#8220; global_colors_info=&#8220;{}&#8220;][et_pb_column type=&#8220;4_4&#8243; _builder_version=&#8220;4.23.1&#8243; _module_preset=&#8220;default&#8220; global_colors_info=&#8220;{}&#8220;][et_pb_image src=&#8220;https:\/\/praxis-milland.com\/wp-content\/uploads\/2023\/11\/Logo-Bereiche-1.png&#8220; title_text=&#8220;Logo-Bereiche&#8220; url=&#8220;@ET-DC@eyJkeW5hbWljIjp0cnVlLCJjb250ZW50IjoicG9zdF9saW5rX3VybF9wYWdlIiwic2V0dGluZ3MiOnsicG9zdF9pZCI6IjEwNiJ9fQ==@&#8220; align=&#8220;center&#8220; _builder_version=&#8220;4.23.1&#8243; _dynamic_attributes=&#8220;url&#8220; _module_preset=&#8220;default&#8220; module_alignment=&#8220;center&#8220; max_height=&#8220;100px&#8220; custom_margin=&#8220;25px||25px||false|false&#8220; global_colors_info=&#8220;{}&#8220;][\/et_pb_image][\/et_pb_column][\/et_pb_row][et_pb_row column_structure=&#8220;2_5,3_5&#8243; _builder_version=&#8220;4.23.1&#8243; _module_preset=&#8220;default&#8220; background_color=&#8220;#f8f3ee&#8220; max_width=&#8220;1920px&#8220; custom_margin=&#8220;||||false|false&#8220; custom_margin_tablet=&#8220;0px||||false|false&#8220; custom_margin_phone=&#8220;0px||||false|false&#8220; custom_margin_last_edited=&#8220;off|desktop&#8220; custom_padding=&#8220;100px||||false|false&#8220; border_color_bottom=&#8220;#000000&#8243; global_colors_info=&#8220;{}&#8220;][et_pb_column type=&#8220;2_5&#8243; _builder_version=&#8220;4.23.1&#8243; _module_preset=&#8220;default&#8220; global_colors_info=&#8220;{}&#8220;][et_pb_image src=&#8220;https:\/\/praxis-milland.com\/wp-content\/uploads\/2024\/01\/Angelika-Bacher_edit.jpg&#8220; title_text=&#8220;Angelika Bacher&#8220; _builder_version=&#8220;4.23.1&#8243; _module_preset=&#8220;default&#8220; border_radii=&#8220;on|20px|20px|20px|20px&#8220; global_colors_info=&#8220;{}&#8220;][\/et_pb_image][\/et_pb_column][et_pb_column type=&#8220;3_5&#8243; _builder_version=&#8220;4.23.1&#8243; _module_preset=&#8220;default&#8220; global_colors_info=&#8220;{}&#8220;][et_pb_text _builder_version=&#8220;4.23.1&#8243; _module_preset=&#8220;default&#8220; hover_enabled=&#8220;0&#8243; global_colors_info=&#8220;{}&#8220; content_last_edited=&#8220;on|phone&#8220; sticky_enabled=&#8220;0&#8243; content_phone=&#8220;<\/p>\n<h1 style=%22text-align: center;%22>Angelika Bacher<\/h1>\n<p>&#8220; content_tablet=&#8220;<\/p>\n<h5>Angelika Bacher<\/h5>\n<p>&#8222;]<\/p>\n<h5>Angelika Bacher<\/h5>\n<p>[\/et_pb_text][et_pb_text _builder_version=&#8220;4.23.1&#8243; _module_preset=&#8220;default&#8220; global_colors_info=&#8220;{}&#8220;]<\/p>\n<blockquote>\n<p><span style=\"font-weight: 400;\">Ich bin Physiotherapeutin und zertifizierte Handtherapeutin mit Ausbildung in den Niederlanden und Berufserfahrung im Krankenhaus sowie in Privatpraxen. In S\u00fcdtirol t\u00e4tig in einem Seniorenwohnheim und als Handtherapeutin in einer Privatpraxis.<\/span><\/p>\n<\/blockquote>\n<p>[\/et_pb_text][et_pb_text _builder_version=&#8220;4.23.1&#8243; _module_preset=&#8220;default&#8220; global_colors_info=&#8220;{}&#8220;]<\/p>\n<p><span style=\"font-weight: 400;\">Die Hand ist wohl das sch\u00f6nste Werkzeug, das wir besitzen.Eine kleine Verletzung kann zu gro\u00dfen Beeintr\u00e4chtigungen f\u00fchren. Ich sehe es als meine Aufgabe und Berufung Menschen mit Handbeschwerden und Handverletzungen auf dem Weg der Besserung zu begleiten und sie mit individueller Therapie an ihr gew\u00fcnschtes Ziel zu f\u00fchren.<\/span><\/p>\n<p>[\/et_pb_text][\/et_pb_column][\/et_pb_row][et_pb_row column_structure=&#8220;2_5,3_5&#8243; _builder_version=&#8220;4.23.1&#8243; _module_preset=&#8220;default&#8220; background_color=&#8220;#f8f3ee&#8220; max_width=&#8220;1920px&#8220; custom_margin=&#8220;||||false|false&#8220; custom_margin_tablet=&#8220;0px||||false|false&#8220; custom_margin_phone=&#8220;0px||||false|false&#8220; custom_margin_last_edited=&#8220;off|desktop&#8220; custom_padding=&#8220;||||false|false&#8220; border_color_bottom=&#8220;#000000&#8243; global_colors_info=&#8220;{}&#8220;][et_pb_column type=&#8220;2_5&#8243; _builder_version=&#8220;4.23.1&#8243; _module_preset=&#8220;default&#8220; global_colors_info=&#8220;{}&#8220;][et_pb_text content_tablet=&#8220;<\/p>\n<p style=%22text-align: left;%22><span style=%22color: #898fd4;%22>Angebot<\/span><\/p>\n<p>&#8220; content_phone=&#8220;<\/p>\n<p style=%22text-align: left;%22><span style=%22color: #898fd4;%22>Angebot<\/span><\/p>\n<p>&#8220; content_last_edited=&#8220;on|phone&#8220; _builder_version=&#8220;4.23.1&#8243; _module_preset=&#8220;default&#8220; global_colors_info=&#8220;{}&#8220;]<\/p>\n<p style=\"text-align: right;\"><span style=\"color: #898fd4;\">Angebot<\/span><\/p>\n<p>[\/et_pb_text][\/et_pb_column][et_pb_column type=&#8220;3_5&#8243; _builder_version=&#8220;4.23.1&#8243; _module_preset=&#8220;default&#8220; global_colors_info=&#8220;{}&#8220;][et_pb_text _builder_version=&#8220;4.23.1&#8243; _dynamic_attributes=&#8220;link_option_url&#8220; _module_preset=&#8220;default&#8220; link_option_url=&#8220;@ET-DC@eyJkeW5hbWljIjp0cnVlLCJjb250ZW50IjoicG9zdF9saW5rX3VybF9wYWdlIiwic2V0dGluZ3MiOnsicG9zdF9pZCI6IjE2NSJ9fQ==@&#8220; global_colors_info=&#8220;{}&#8220;]<\/p>\n<ul>\n<li><span style=\"font-weight: 400;\">Handtherapie<\/span><\/li>\n<\/ul>\n<p>[\/et_pb_text][\/et_pb_column][\/et_pb_row][et_pb_row column_structure=&#8220;2_5,3_5&#8243; _builder_version=&#8220;4.23.1&#8243; _module_preset=&#8220;default&#8220; background_color=&#8220;#f8f3ee&#8220; max_width=&#8220;1920px&#8220; custom_margin=&#8220;||||false|false&#8220; custom_margin_tablet=&#8220;0px||||false|false&#8220; custom_margin_phone=&#8220;0px||||false|false&#8220; custom_margin_last_edited=&#8220;off|desktop&#8220; custom_padding=&#8220;||||false|false&#8220; border_color_bottom=&#8220;#000000&#8243; global_colors_info=&#8220;{}&#8220;][et_pb_column type=&#8220;2_5&#8243; _builder_version=&#8220;4.23.1&#8243; _module_preset=&#8220;default&#8220; global_colors_info=&#8220;{}&#8220;][et_pb_button button_url=&#8220;@ET-DC@eyJkeW5hbWljIjp0cnVlLCJjb250ZW50IjoicG9zdF9saW5rX3VybF9wYWdlIiwic2V0dGluZ3MiOnsicG9zdF9pZCI6Ijk5In19@&#8220; button_text=&#8220;Zum Team&#8220; _builder_version=&#8220;4.23.1&#8243; _dynamic_attributes=&#8220;button_url&#8220; _module_preset=&#8220;default&#8220; custom_button=&#8220;on&#8220; button_text_color=&#8220;#FFFFFF&#8220; button_bg_color=&#8220;#f1c4af&#8220; button_border_color=&#8220;RGBA(255,255,255,0)&#8220; button_icon=&#8220;&#x34;||divi||400&#8243; button_icon_placement=&#8220;left&#8220; global_colors_info=&#8220;{}&#8220; button_bg_color__hover_enabled=&#8220;off|desktop&#8220; button_bg_color__hover=&#8220;#f1c4af&#8220; button_bg_enable_color__hover=&#8220;on&#8220; button_text_color__hover_enabled=&#8220;off|desktop&#8220; button_text_color__hover=&#8220;#FFFFFF&#8220;][\/et_pb_button][\/et_pb_column][et_pb_column type=&#8220;3_5&#8243; _builder_version=&#8220;4.23.1&#8243; _module_preset=&#8220;default&#8220; global_colors_info=&#8220;{}&#8220;][\/et_pb_column][\/et_pb_row][\/et_pb_section]<\/p>\n","protected":false},"excerpt":{"rendered":"<p>Angelika Bacher Ich bin Physiotherapeutin und zertifizierte Handtherapeutin mit Ausbildung in den Niederlanden und Berufserfahrung im Krankenhaus sowie in Privatpraxen. In S\u00fcdtirol t\u00e4tig in einem Seniorenwohnheim und als Handtherapeutin in einer Privatpraxis. Die Hand ist wohl das sch\u00f6nste Werkzeug, das wir besitzen.Eine kleine Verletzung kann zu gro\u00dfen Beeintr\u00e4chtigungen f\u00fchren. Ich sehe es als meine Aufgabe [&hellip;]<\/p>\n","protected":false},"author":2,"featured_media":0,"parent":99,"menu_order":0,"comment_status":"closed","ping_status":"closed","template":"","meta":{"_et_pb_use_builder":"on","_et_pb_old_content":"","_et_gb_content_width":"","footnotes":""},"class_list":["post-249","page","type-page","status-publish","hentry"],"yoast_head":"<!-- This site is optimized with the Yoast SEO plugin v25.4 - https:\/\/yoast.com\/wordpress\/plugins\/seo\/ -->\n<title>Angelika Bacher - Praxis Milland<\/title>\n<meta name=\"robots\" content=\"index, follow, max-snippet:-1, max-image-preview:large, max-video-preview:-1\" \/>\n<link rel=\"canonical\" href=\"https:\/\/praxis-milland.com\/?page_id=249\" \/>\n<meta property=\"og:locale\" content=\"de_DE\" \/>\n<meta property=\"og:type\" content=\"article\" \/>\n<meta property=\"og:title\" content=\"Angelika Bacher - Praxis Milland\" \/>\n<meta property=\"og:description\" content=\"Angelika Bacher Ich bin Physiotherapeutin und zertifizierte Handtherapeutin mit Ausbildung in den Niederlanden und Berufserfahrung im Krankenhaus sowie in Privatpraxen. In S\u00fcdtirol t\u00e4tig in einem Seniorenwohnheim und als Handtherapeutin in einer Privatpraxis. Die Hand ist wohl das sch\u00f6nste Werkzeug, das wir besitzen.Eine kleine Verletzung kann zu gro\u00dfen Beeintr\u00e4chtigungen f\u00fchren. Ich sehe es als meine Aufgabe [&hellip;]\" \/>\n<meta property=\"og:url\" content=\"https:\/\/praxis-milland.com\/?page_id=249\" \/>\n<meta property=\"og:site_name\" content=\"Praxis Milland\" \/>\n<meta property=\"article:modified_time\" content=\"2024-01-26T10:08:52+00:00\" \/>\n<meta name=\"twitter:card\" content=\"summary_large_image\" \/>\n<meta name=\"twitter:label1\" content=\"Gesch\u00e4tzte Lesezeit\" \/>\n\t<meta name=\"twitter:data1\" content=\"4\u00a0Minuten\" \/>\n<script type=\"application\/ld+json\" class=\"yoast-schema-graph\">{\"@context\":\"https:\/\/schema.org\",\"@graph\":[{\"@type\":\"WebPage\",\"@id\":\"https:\/\/praxis-milland.com\/?page_id=249\",\"url\":\"https:\/\/praxis-milland.com\/?page_id=249\",\"name\":\"Angelika Bacher - Praxis Milland\",\"isPartOf\":{\"@id\":\"https:\/\/praxis-milland.com\/#website\"},\"datePublished\":\"2023-11-24T10:48:07+00:00\",\"dateModified\":\"2024-01-26T10:08:52+00:00\",\"breadcrumb\":{\"@id\":\"https:\/\/praxis-milland.com\/?page_id=249#breadcrumb\"},\"inLanguage\":\"de\",\"potentialAction\":[{\"@type\":\"ReadAction\",\"target\":[\"https:\/\/praxis-milland.com\/?page_id=249\"]}]},{\"@type\":\"BreadcrumbList\",\"@id\":\"https:\/\/praxis-milland.com\/?page_id=249#breadcrumb\",\"itemListElement\":[{\"@type\":\"ListItem\",\"position\":1,\"name\":\"Home\",\"item\":\"https:\/\/praxis-milland.com\/\"},{\"@type\":\"ListItem\",\"position\":2,\"name\":\"Team\",\"item\":\"https:\/\/praxis-milland.com\/?page_id=758\"},{\"@type\":\"ListItem\",\"position\":3,\"name\":\"Angelika Bacher\"}]},{\"@type\":\"WebSite\",\"@id\":\"https:\/\/praxis-milland.com\/#website\",\"url\":\"https:\/\/praxis-milland.com\/\",\"name\":\"Praxis Milland\",\"description\":\"Physio Gyn Health\",\"potentialAction\":[{\"@type\":\"SearchAction\",\"target\":{\"@type\":\"EntryPoint\",\"urlTemplate\":\"https:\/\/praxis-milland.com\/?s={search_term_string}\"},\"query-input\":{\"@type\":\"PropertyValueSpecification\",\"valueRequired\":true,\"valueName\":\"search_term_string\"}}],\"inLanguage\":\"de\"}]}<\/script>\n<!-- \/ Yoast SEO plugin. -->","yoast_head_json":{"title":"Angelika Bacher - Praxis Milland","robots":{"index":"index","follow":"follow","max-snippet":"max-snippet:-1","max-image-preview":"max-image-preview:large","max-video-preview":"max-video-preview:-1"},"canonical":"https:\/\/praxis-milland.com\/?page_id=249","og_locale":"de_DE","og_type":"article","og_title":"Angelika Bacher - Praxis Milland","og_description":"Angelika Bacher Ich bin Physiotherapeutin und zertifizierte Handtherapeutin mit Ausbildung in den Niederlanden und Berufserfahrung im Krankenhaus sowie in Privatpraxen. In S\u00fcdtirol t\u00e4tig in einem Seniorenwohnheim und als Handtherapeutin in einer Privatpraxis. Die Hand ist wohl das sch\u00f6nste Werkzeug, das wir besitzen.Eine kleine Verletzung kann zu gro\u00dfen Beeintr\u00e4chtigungen f\u00fchren. Ich sehe es als meine Aufgabe [&hellip;]","og_url":"https:\/\/praxis-milland.com\/?page_id=249","og_site_name":"Praxis Milland","article_modified_time":"2024-01-26T10:08:52+00:00","twitter_card":"summary_large_image","twitter_misc":{"Gesch\u00e4tzte Lesezeit":"4\u00a0Minuten"},"schema":{"@context":"https:\/\/schema.org","@graph":[{"@type":"WebPage","@id":"https:\/\/praxis-milland.com\/?page_id=249","url":"https:\/\/praxis-milland.com\/?page_id=249","name":"Angelika Bacher - Praxis Milland","isPartOf":{"@id":"https:\/\/praxis-milland.com\/#website"},"datePublished":"2023-11-24T10:48:07+00:00","dateModified":"2024-01-26T10:08:52+00:00","breadcrumb":{"@id":"https:\/\/praxis-milland.com\/?page_id=249#breadcrumb"},"inLanguage":"de","potentialAction":[{"@type":"ReadAction","target":["https:\/\/praxis-milland.com\/?page_id=249"]}]},{"@type":"BreadcrumbList","@id":"https:\/\/praxis-milland.com\/?page_id=249#breadcrumb","itemListElement":[{"@type":"ListItem","position":1,"name":"Home","item":"https:\/\/praxis-milland.com\/"},{"@type":"ListItem","position":2,"name":"Team","item":"https:\/\/praxis-milland.com\/?page_id=758"},{"@type":"ListItem","position":3,"name":"Angelika Bacher"}]},{"@type":"WebSite","@id":"https:\/\/praxis-milland.com\/#website","url":"https:\/\/praxis-milland.com\/","name":"Praxis Milland","description":"Physio Gyn Health","potentialAction":[{"@type":"SearchAction","target":{"@type":"EntryPoint","urlTemplate":"https:\/\/praxis-milland.com\/?s={search_term_string}"},"query-input":{"@type":"PropertyValueSpecification","valueRequired":true,"valueName":"search_term_string"}}],"inLanguage":"de"}]}},"_links":{"self":[{"href":"https:\/\/praxis-milland.com\/index.php?rest_route=\/wp\/v2\/pages\/249","targetHints":{"allow":["GET"]}}],"collection":[{"href":"https:\/\/praxis-milland.com\/index.php?rest_route=\/wp\/v2\/pages"}],"about":[{"href":"https:\/\/praxis-milland.com\/index.php?rest_route=\/wp\/v2\/types\/page"}],"author":[{"embeddable":true,"href":"https:\/\/praxis-milland.com\/index.php?rest_route=\/wp\/v2\/users\/2"}],"replies":[{"embeddable":true,"href":"https:\/\/praxis-milland.com\/index.php?rest_route=%2Fwp%2Fv2%2Fcomments&post=249"}],"version-history":[{"count":11,"href":"https:\/\/praxis-milland.com\/index.php?rest_route=\/wp\/v2\/pages\/249\/revisions"}],"predecessor-version":[{"id":1416,"href":"https:\/\/praxis-milland.com\/index.php?rest_route=\/wp\/v2\/pages\/249\/revisions\/1416"}],"up":[{"embeddable":true,"href":"https:\/\/praxis-milland.com\/index.php?rest_route=\/wp\/v2\/pages\/99"}],"wp:attachment":[{"href":"https:\/\/praxis-milland.com\/index.php?rest_route=%2Fwp%2Fv2%2Fmedia&parent=249"}],"curies":[{"name":"wp","href":"https:\/\/api.w.org\/{rel}","templated":true}]}}