{"id":294,"date":"2023-11-24T11:06:29","date_gmt":"2023-11-24T11:06:29","guid":{"rendered":"https:\/\/praxis-milland.com\/?page_id=294"},"modified":"2024-01-29T09:36:43","modified_gmt":"2024-01-29T09:36:43","slug":"dr-valentina-neuner","status":"publish","type":"page","link":"https:\/\/praxis-milland.com\/?page_id=294","title":{"rendered":"Dr. in Valentina Neuner"},"content":{"rendered":"<p>[et_pb_section fb_built=&#8220;1&#8243; _builder_version=&#8220;4.23.1&#8243; _module_preset=&#8220;default&#8220; background_color=&#8220;#f8f3ee&#8220; custom_margin=&#8220;||||false|false&#8220; custom_padding=&#8220;0px||0px||false|false&#8220; global_colors_info=&#8220;{}&#8220;][et_pb_row _builder_version=&#8220;4.23.1&#8243; _module_preset=&#8220;default&#8220; background_color=&#8220;#FFFFFF&#8220; width=&#8220;100%&#8220; max_width=&#8220;2600px&#8220; custom_margin=&#8220;30px||||false|false&#8220; global_colors_info=&#8220;{}&#8220;][et_pb_column type=&#8220;4_4&#8243; _builder_version=&#8220;4.23.1&#8243; _module_preset=&#8220;default&#8220; global_colors_info=&#8220;{}&#8220;][et_pb_image src=&#8220;https:\/\/praxis-milland.com\/wp-content\/uploads\/2023\/11\/Logo-Bereiche-1.png&#8220; title_text=&#8220;Logo-Bereiche&#8220; url=&#8220;@ET-DC@eyJkeW5hbWljIjp0cnVlLCJjb250ZW50IjoicG9zdF9saW5rX3VybF9wYWdlIiwic2V0dGluZ3MiOnsicG9zdF9pZCI6IjEwNiJ9fQ==@&#8220; align=&#8220;center&#8220; _builder_version=&#8220;4.23.1&#8243; _dynamic_attributes=&#8220;url&#8220; _module_preset=&#8220;default&#8220; module_alignment=&#8220;center&#8220; max_height=&#8220;100px&#8220; custom_margin=&#8220;25px||25px||false|false&#8220; global_colors_info=&#8220;{}&#8220;][\/et_pb_image][\/et_pb_column][\/et_pb_row][et_pb_row column_structure=&#8220;2_5,3_5&#8243; _builder_version=&#8220;4.23.1&#8243; _module_preset=&#8220;default&#8220; background_color=&#8220;#f8f3ee&#8220; max_width=&#8220;1920px&#8220; custom_margin=&#8220;||||false|false&#8220; custom_margin_tablet=&#8220;0px||||false|false&#8220; custom_margin_phone=&#8220;0px||||false|false&#8220; custom_margin_last_edited=&#8220;off|desktop&#8220; custom_padding=&#8220;100px||||false|false&#8220; border_color_bottom=&#8220;#000000&#8243; global_colors_info=&#8220;{}&#8220;][et_pb_column type=&#8220;2_5&#8243; _builder_version=&#8220;4.23.1&#8243; _module_preset=&#8220;default&#8220; global_colors_info=&#8220;{}&#8220;][et_pb_image src=&#8220;https:\/\/praxis-milland.com\/wp-content\/uploads\/2024\/01\/Valentina-Neuner_edit-scaled.jpg&#8220; title_text=&#8220;Valentina Neuner_edit&#8220; _builder_version=&#8220;4.23.1&#8243; _module_preset=&#8220;default&#8220; border_radii=&#8220;on|20px|20px|20px|20px&#8220; global_colors_info=&#8220;{}&#8220;][\/et_pb_image][\/et_pb_column][et_pb_column type=&#8220;3_5&#8243; _builder_version=&#8220;4.23.1&#8243; _module_preset=&#8220;default&#8220; global_colors_info=&#8220;{}&#8220;][et_pb_text content_tablet=&#8220;<\/p>\n<h5><span style=%22font-weight: 400;%22>Dr. in med. univ. Valentina Neuner<\/span><\/h5>\n<p>&#8220; content_phone=&#8220;<\/p>\n<h1 style=%22text-align: center;%22><span style=%22font-weight: 400;%22>Dr. in med. univ. Valentina Neuner<\/span><\/h1>\n<p>&#8220; content_last_edited=&#8220;on|desktop&#8220; _builder_version=&#8220;4.23.1&#8243; _module_preset=&#8220;default&#8220; global_colors_info=&#8220;{}&#8220;]<\/p>\n<h5><span style=\"font-weight: 400;\">Dr. in med. univ. Valentina Neuner<\/span><\/h5>\n<p>[\/et_pb_text][et_pb_text _builder_version=&#8220;4.23.1&#8243; _module_preset=&#8220;default&#8220; global_colors_info=&#8220;{}&#8220;]<\/p>\n<blockquote>\n<p>Ich bin Fach\u00e4rztin f\u00fcr Frauenheilkunde und Geburtshilfe.<\/p>\n<p>Nach dem Studium der Humanmedizin in Innsbruck absolvierte ich meine Facharztausbildung in der Schweiz und in \u00d6sterreich. Im Anschluss daran war ich als Ober\u00e4rztin am Landeskrankenhaus Hall in Tirol t\u00e4tig. Zuletzt habe ich im Krankenhaus Brixen gearbeitet.<\/p>\n<\/blockquote>\n<p>[\/et_pb_text][et_pb_text _builder_version=&#8220;4.23.1&#8243; _module_preset=&#8220;default&#8220; global_colors_info=&#8220;{}&#8220;]<\/p>\n<p>Das Wohlbefinden meiner Patientinnen liegt mir sehr am Herzen und ich nehme mir daher f\u00fcr Ihre Anliegen ausreichend Zeit. Mit viel Einf\u00fchlungsverm\u00f6gen und Fachkompetenz berate und betreue ich Sie vom M\u00e4dchenalter an \u00fcber die besondere Zeit der Schwangerschaft und durch die Menopause bis hin ins hohe Lebensalter individuell und Ihren Bed\u00fcrfnissen entsprechend.<\/p>\n<p>[\/et_pb_text][\/et_pb_column][\/et_pb_row][et_pb_row column_structure=&#8220;2_5,3_5&#8243; _builder_version=&#8220;4.23.1&#8243; _module_preset=&#8220;default&#8220; background_color=&#8220;#f8f3ee&#8220; max_width=&#8220;1920px&#8220; custom_margin=&#8220;||||false|false&#8220; custom_margin_tablet=&#8220;0px||||false|false&#8220; custom_margin_phone=&#8220;0px||||false|false&#8220; custom_margin_last_edited=&#8220;off|desktop&#8220; custom_padding=&#8220;||||false|false&#8220; border_color_bottom=&#8220;#000000&#8243; global_colors_info=&#8220;{}&#8220;][et_pb_column type=&#8220;2_5&#8243; _builder_version=&#8220;4.23.1&#8243; _module_preset=&#8220;default&#8220; global_colors_info=&#8220;{}&#8220;][et_pb_text content_tablet=&#8220;<\/p>\n<p style=%22text-align: left;%22><span style=%22color: #898fd4;%22>Therapieangebot<\/span><\/p>\n<p>&#8220; content_phone=&#8220;<\/p>\n<p style=%22text-align: left;%22><span style=%22color: #898fd4;%22>Therapieangebot<\/span><\/p>\n<p>&#8220; content_last_edited=&#8220;on|desktop&#8220; _builder_version=&#8220;4.23.1&#8243; _module_preset=&#8220;default&#8220; global_colors_info=&#8220;{}&#8220;]<\/p>\n<p style=\"text-align: right;\"><span style=\"color: #898fd4;\">Therapieangebot<\/span><\/p>\n<p>[\/et_pb_text][\/et_pb_column][et_pb_column type=&#8220;3_5&#8243; _builder_version=&#8220;4.23.1&#8243; _module_preset=&#8220;default&#8220; global_colors_info=&#8220;{}&#8220;][et_pb_text _builder_version=&#8220;4.23.1&#8243; _dynamic_attributes=&#8220;link_option_url&#8220; _module_preset=&#8220;default&#8220; link_option_url=&#8220;@ET-DC@eyJkeW5hbWljIjp0cnVlLCJjb250ZW50IjoicG9zdF9saW5rX3VybF9wYWdlIiwic2V0dGluZ3MiOnsicG9zdF9pZCI6IjE4MSJ9fQ==@&#8220; hover_enabled=&#8220;0&#8243; global_colors_info=&#8220;{}&#8220; sticky_enabled=&#8220;0&#8243;]<\/p>\n<p><strong>Geburtshilfe<\/strong><\/p>\n<ul>\n<li>Schwangerschaftsbetreuung<\/li>\n<li>Beratung Pr\u00e4nataldiagnostik<\/li>\n<li>Nachgeburtsbetreuung<\/li>\n<li>Stillberatung<\/li>\n<\/ul>\n<p><strong><\/strong><\/p>\n<p><strong>Gyn\u00e4kologie<\/strong><strong><\/strong><\/p>\n<p><strong><\/strong><\/p>\n<ul>\n<li>Gyn\u00e4kologische Vorsorgeuntersuchung (inklusive PAP- Abstrich\/HPV- Test mit Screening-Einladung und Brustuntersuchung)<\/li>\n<li>M\u00e4dchensprechstunde \/ Teenager-Sprechstunde<\/li>\n<li>Familienplanung \/ Schwangerschaftsverh\u00fctung<\/li>\n<li>Einlage von Spiralen (Hormon- und Kupferspiralen)<\/li>\n<li>Behandlung bei Beschwerden im Intimbereich<\/li>\n<li>Blutungsst\u00f6rungen \/ Zyklusst\u00f6rungen<\/li>\n<li>Abkl\u00e4rung bei Endometriose<\/li>\n<li>Beratung und Behandlung\u00a0von Beschwerden in den Wechseljahren<\/li>\n<li>Abkl\u00e4rung und Beratung bei Beckenboden- und Blasenbeschwerden, Inkontinenz<\/li>\n<\/ul>\n<p>[\/et_pb_text][et_pb_text _builder_version=&#8220;4.23.1&#8243; _dynamic_attributes=&#8220;link_option_url&#8220; _module_preset=&#8220;default&#8220; custom_padding=&#8220;||1px|||&#8220; link_option_url=&#8220;@ET-DC@eyJkeW5hbWljIjp0cnVlLCJjb250ZW50IjoicG9zdF9saW5rX3VybF9wYWdlIiwic2V0dGluZ3MiOnsicG9zdF9pZCI6IjE4MSJ9fQ==@&#8220; global_colors_info=&#8220;{}&#8220;]<\/p>\n<p><strong>Terminvereinbarung<\/strong><\/p>\n<p>E-Mail: <a href=\"mailto:gyn.neuner@praxis-milland.com\">gyn.neuner@praxis-milland.com<\/a><\/p>\n<p>Tel: <a href=\"tel:+393784059335\">378 4059335<\/a> und WhatsApp.<\/p>\n<p>[\/et_pb_text][\/et_pb_column][\/et_pb_row][et_pb_row column_structure=&#8220;2_5,3_5&#8243; _builder_version=&#8220;4.23.1&#8243; _module_preset=&#8220;default&#8220; background_color=&#8220;#f8f3ee&#8220; max_width=&#8220;1920px&#8220; custom_margin=&#8220;||||false|false&#8220; custom_margin_tablet=&#8220;0px||||false|false&#8220; custom_margin_phone=&#8220;0px||||false|false&#8220; custom_margin_last_edited=&#8220;off|desktop&#8220; custom_padding=&#8220;||||false|false&#8220; border_color_bottom=&#8220;#000000&#8243; global_colors_info=&#8220;{}&#8220;][et_pb_column type=&#8220;2_5&#8243; _builder_version=&#8220;4.23.1&#8243; _module_preset=&#8220;default&#8220; global_colors_info=&#8220;{}&#8220;][et_pb_button button_url=&#8220;@ET-DC@eyJkeW5hbWljIjp0cnVlLCJjb250ZW50IjoicG9zdF9saW5rX3VybF9wYWdlIiwic2V0dGluZ3MiOnsicG9zdF9pZCI6Ijk5In19@&#8220; button_text=&#8220;Zum Team&#8220; _builder_version=&#8220;4.23.1&#8243; _dynamic_attributes=&#8220;button_url&#8220; _module_preset=&#8220;default&#8220; custom_button=&#8220;on&#8220; button_text_color=&#8220;#FFFFFF&#8220; button_bg_color=&#8220;#f1c4af&#8220; button_border_color=&#8220;RGBA(255,255,255,0)&#8220; button_icon=&#8220;&#x34;||divi||400&#8243; button_icon_placement=&#8220;left&#8220; global_colors_info=&#8220;{}&#8220; button_bg_color__hover_enabled=&#8220;off|desktop&#8220; button_bg_color__hover=&#8220;#f1c4af&#8220; button_bg_enable_color__hover=&#8220;on&#8220; button_text_color__hover_enabled=&#8220;off|desktop&#8220; button_text_color__hover=&#8220;#FFFFFF&#8220;][\/et_pb_button][\/et_pb_column][et_pb_column type=&#8220;3_5&#8243; _builder_version=&#8220;4.23.1&#8243; _module_preset=&#8220;default&#8220; global_colors_info=&#8220;{}&#8220;][\/et_pb_column][\/et_pb_row][\/et_pb_section]<\/p>\n","protected":false},"excerpt":{"rendered":"<p>Dr. in med. univ. Valentina Neuner Ich bin Fach\u00e4rztin f\u00fcr Frauenheilkunde und Geburtshilfe. Nach dem Studium der Humanmedizin in Innsbruck absolvierte ich meine Facharztausbildung in der Schweiz und in \u00d6sterreich. Im Anschluss daran war ich als Ober\u00e4rztin am Landeskrankenhaus Hall in Tirol t\u00e4tig. Zuletzt habe ich im Krankenhaus Brixen gearbeitet. Das Wohlbefinden meiner Patientinnen liegt [&hellip;]<\/p>\n","protected":false},"author":2,"featured_media":0,"parent":99,"menu_order":0,"comment_status":"closed","ping_status":"closed","template":"","meta":{"_et_pb_use_builder":"on","_et_pb_old_content":"","_et_gb_content_width":"","footnotes":""},"class_list":["post-294","page","type-page","status-publish","hentry"],"yoast_head":"<!-- This site is optimized with the Yoast SEO plugin v25.4 - https:\/\/yoast.com\/wordpress\/plugins\/seo\/ -->\n<title>Dr. in Valentina Neuner - Praxis Milland<\/title>\n<meta name=\"robots\" content=\"index, follow, max-snippet:-1, max-image-preview:large, max-video-preview:-1\" \/>\n<link rel=\"canonical\" href=\"https:\/\/praxis-milland.com\/?page_id=294\" \/>\n<meta property=\"og:locale\" content=\"de_DE\" \/>\n<meta property=\"og:type\" content=\"article\" \/>\n<meta property=\"og:title\" content=\"Dr. in Valentina Neuner - Praxis Milland\" \/>\n<meta property=\"og:description\" content=\"Dr. in med. univ. Valentina Neuner Ich bin Fach\u00e4rztin f\u00fcr Frauenheilkunde und Geburtshilfe. Nach dem Studium der Humanmedizin in Innsbruck absolvierte ich meine Facharztausbildung in der Schweiz und in \u00d6sterreich. Im Anschluss daran war ich als Ober\u00e4rztin am Landeskrankenhaus Hall in Tirol t\u00e4tig. Zuletzt habe ich im Krankenhaus Brixen gearbeitet. Das Wohlbefinden meiner Patientinnen liegt [&hellip;]\" \/>\n<meta property=\"og:url\" content=\"https:\/\/praxis-milland.com\/?page_id=294\" \/>\n<meta property=\"og:site_name\" content=\"Praxis Milland\" \/>\n<meta property=\"article:modified_time\" content=\"2024-01-29T09:36:43+00:00\" \/>\n<meta name=\"twitter:card\" content=\"summary_large_image\" \/>\n<meta name=\"twitter:label1\" content=\"Gesch\u00e4tzte Lesezeit\" \/>\n\t<meta name=\"twitter:data1\" content=\"4\u00a0Minuten\" \/>\n<script type=\"application\/ld+json\" class=\"yoast-schema-graph\">{\"@context\":\"https:\/\/schema.org\",\"@graph\":[{\"@type\":\"WebPage\",\"@id\":\"https:\/\/praxis-milland.com\/?page_id=294\",\"url\":\"https:\/\/praxis-milland.com\/?page_id=294\",\"name\":\"Dr. in Valentina Neuner - Praxis Milland\",\"isPartOf\":{\"@id\":\"https:\/\/praxis-milland.com\/#website\"},\"datePublished\":\"2023-11-24T11:06:29+00:00\",\"dateModified\":\"2024-01-29T09:36:43+00:00\",\"breadcrumb\":{\"@id\":\"https:\/\/praxis-milland.com\/?page_id=294#breadcrumb\"},\"inLanguage\":\"de\",\"potentialAction\":[{\"@type\":\"ReadAction\",\"target\":[\"https:\/\/praxis-milland.com\/?page_id=294\"]}]},{\"@type\":\"BreadcrumbList\",\"@id\":\"https:\/\/praxis-milland.com\/?page_id=294#breadcrumb\",\"itemListElement\":[{\"@type\":\"ListItem\",\"position\":1,\"name\":\"Home\",\"item\":\"https:\/\/praxis-milland.com\/\"},{\"@type\":\"ListItem\",\"position\":2,\"name\":\"Team\",\"item\":\"https:\/\/praxis-milland.com\/?page_id=758\"},{\"@type\":\"ListItem\",\"position\":3,\"name\":\"Dr. in Valentina Neuner\"}]},{\"@type\":\"WebSite\",\"@id\":\"https:\/\/praxis-milland.com\/#website\",\"url\":\"https:\/\/praxis-milland.com\/\",\"name\":\"Praxis Milland\",\"description\":\"Physio Gyn Health\",\"potentialAction\":[{\"@type\":\"SearchAction\",\"target\":{\"@type\":\"EntryPoint\",\"urlTemplate\":\"https:\/\/praxis-milland.com\/?s={search_term_string}\"},\"query-input\":{\"@type\":\"PropertyValueSpecification\",\"valueRequired\":true,\"valueName\":\"search_term_string\"}}],\"inLanguage\":\"de\"}]}<\/script>\n<!-- \/ Yoast SEO plugin. -->","yoast_head_json":{"title":"Dr. in Valentina Neuner - Praxis Milland","robots":{"index":"index","follow":"follow","max-snippet":"max-snippet:-1","max-image-preview":"max-image-preview:large","max-video-preview":"max-video-preview:-1"},"canonical":"https:\/\/praxis-milland.com\/?page_id=294","og_locale":"de_DE","og_type":"article","og_title":"Dr. in Valentina Neuner - Praxis Milland","og_description":"Dr. in med. univ. Valentina Neuner Ich bin Fach\u00e4rztin f\u00fcr Frauenheilkunde und Geburtshilfe. Nach dem Studium der Humanmedizin in Innsbruck absolvierte ich meine Facharztausbildung in der Schweiz und in \u00d6sterreich. Im Anschluss daran war ich als Ober\u00e4rztin am Landeskrankenhaus Hall in Tirol t\u00e4tig. Zuletzt habe ich im Krankenhaus Brixen gearbeitet. Das Wohlbefinden meiner Patientinnen liegt [&hellip;]","og_url":"https:\/\/praxis-milland.com\/?page_id=294","og_site_name":"Praxis Milland","article_modified_time":"2024-01-29T09:36:43+00:00","twitter_card":"summary_large_image","twitter_misc":{"Gesch\u00e4tzte Lesezeit":"4\u00a0Minuten"},"schema":{"@context":"https:\/\/schema.org","@graph":[{"@type":"WebPage","@id":"https:\/\/praxis-milland.com\/?page_id=294","url":"https:\/\/praxis-milland.com\/?page_id=294","name":"Dr. in Valentina Neuner - Praxis Milland","isPartOf":{"@id":"https:\/\/praxis-milland.com\/#website"},"datePublished":"2023-11-24T11:06:29+00:00","dateModified":"2024-01-29T09:36:43+00:00","breadcrumb":{"@id":"https:\/\/praxis-milland.com\/?page_id=294#breadcrumb"},"inLanguage":"de","potentialAction":[{"@type":"ReadAction","target":["https:\/\/praxis-milland.com\/?page_id=294"]}]},{"@type":"BreadcrumbList","@id":"https:\/\/praxis-milland.com\/?page_id=294#breadcrumb","itemListElement":[{"@type":"ListItem","position":1,"name":"Home","item":"https:\/\/praxis-milland.com\/"},{"@type":"ListItem","position":2,"name":"Team","item":"https:\/\/praxis-milland.com\/?page_id=758"},{"@type":"ListItem","position":3,"name":"Dr. in Valentina Neuner"}]},{"@type":"WebSite","@id":"https:\/\/praxis-milland.com\/#website","url":"https:\/\/praxis-milland.com\/","name":"Praxis Milland","description":"Physio Gyn Health","potentialAction":[{"@type":"SearchAction","target":{"@type":"EntryPoint","urlTemplate":"https:\/\/praxis-milland.com\/?s={search_term_string}"},"query-input":{"@type":"PropertyValueSpecification","valueRequired":true,"valueName":"search_term_string"}}],"inLanguage":"de"}]}},"_links":{"self":[{"href":"https:\/\/praxis-milland.com\/index.php?rest_route=\/wp\/v2\/pages\/294","targetHints":{"allow":["GET"]}}],"collection":[{"href":"https:\/\/praxis-milland.com\/index.php?rest_route=\/wp\/v2\/pages"}],"about":[{"href":"https:\/\/praxis-milland.com\/index.php?rest_route=\/wp\/v2\/types\/page"}],"author":[{"embeddable":true,"href":"https:\/\/praxis-milland.com\/index.php?rest_route=\/wp\/v2\/users\/2"}],"replies":[{"embeddable":true,"href":"https:\/\/praxis-milland.com\/index.php?rest_route=%2Fwp%2Fv2%2Fcomments&post=294"}],"version-history":[{"count":32,"href":"https:\/\/praxis-milland.com\/index.php?rest_route=\/wp\/v2\/pages\/294\/revisions"}],"predecessor-version":[{"id":1560,"href":"https:\/\/praxis-milland.com\/index.php?rest_route=\/wp\/v2\/pages\/294\/revisions\/1560"}],"up":[{"embeddable":true,"href":"https:\/\/praxis-milland.com\/index.php?rest_route=\/wp\/v2\/pages\/99"}],"wp:attachment":[{"href":"https:\/\/praxis-milland.com\/index.php?rest_route=%2Fwp%2Fv2%2Fmedia&parent=294"}],"curies":[{"name":"wp","href":"https:\/\/api.w.org\/{rel}","templated":true}]}}